{"id":154,"date":"2020-07-27T11:34:24","date_gmt":"2020-07-27T09:34:24","guid":{"rendered":"https:\/\/eurored.dapdap.es\/?page_id=154"},"modified":"2025-12-17T16:00:29","modified_gmt":"2025-12-17T14:00:29","slug":"peche","status":"publish","type":"page","link":"https:\/\/grupoeurored.com\/fr\/peche\/","title":{"rendered":"P\u00eache"},"content":{"rendered":"<p>[et_pb_section fb_built=\u00bb1&#8243; admin_label=\u00bbEntradilla\u00bb _builder_version=\u00bb4.24.2&#8243; _module_preset=\u00bbdefault\u00bb background_color=\u00bb#f4f4f4&#8243; background_enable_color=\u00bboff\u00bb background_video_mp4=\u00bbhttps:\/\/grupoeurored.com\/wp-content\/uploads\/2024\/03\/teaser-2024-grupoeurored-low.mp4&#8243; allow_player_pause=\u00bbon\u00bb vertical_offset_tablet=\u00bb0&#8243; horizontal_offset_tablet=\u00bb0&#8243; min_height_last_edited=\u00bboff|desktop\u00bb height=\u00bb700px\u00bb custom_css_main_element=\u00bbdisplay:flex;||height:60vh;\u00bb da_disable_devices=\u00bboff|off|off\u00bb box_shadow_horizontal_tablet=\u00bb0px\u00bb box_shadow_vertical_tablet=\u00bb0px\u00bb box_shadow_blur_tablet=\u00bb40px\u00bb box_shadow_spread_tablet=\u00bb0px\u00bb global_colors_info=\u00bb{}\u00bb da_is_popup=\u00bboff\u00bb da_exit_intent=\u00bboff\u00bb da_has_close=\u00bbon\u00bb da_alt_close=\u00bboff\u00bb da_dark_close=\u00bboff\u00bb da_not_modal=\u00bbon\u00bb da_is_singular=\u00bboff\u00bb da_with_loader=\u00bboff\u00bb da_has_shadow=\u00bbon\u00bb][et_pb_row column_structure=\u00bb2_3,1_3&#8243; _builder_version=\u00bb4.16&#8243; _module_preset=\u00bbdefault\u00bb background_enable_image=\u00bboff\u00bb positioning=\u00bbabsolute\u00bb position_origin_a=\u00bbbottom_center\u00bb z_index=\u00bb345&#8243; position_origin_a_last_edited=\u00bboff|desktop\u00bb position_origin_f_last_edited=\u00bboff|desktop\u00bb position_origin_r_last_edited=\u00bboff|desktop\u00bb width_tablet=\u00bb100%\u00bb width_phone=\u00bb100%\u00bb width_last_edited=\u00bbon|desktop\u00bb mix_blend_mode=\u00bbhard-light\u00bb positioning_last_edited=\u00bboff|desktop\u00bb global_colors_info=\u00bb{}\u00bb][et_pb_column type=\u00bb2_3&#8243; _builder_version=\u00bb4.16&#8243; _module_preset=\u00bbdefault\u00bb background_color=\u00bb#af0023&#8243; custom_padding=\u00bb0px||0px||true|true\u00bb mix_blend_mode=\u00bbhard-light\u00bb custom_css_main_element=\u00bbmargin: auto auto 0;\u00bb global_colors_info=\u00bb{}\u00bb][et_pb_text _builder_version=\u00bb4.24.2&#8243; _module_preset=\u00bbdefault\u00bb background_enable_color=\u00bboff\u00bb background_enable_image=\u00bboff\u00bb background_size=\u00bbinitial\u00bb background_blend=\u00bbhard-light\u00bb background_layout=\u00bbdark\u00bb custom_margin=\u00bb||||false|false\u00bb custom_padding=\u00bb50px|50px|50px|50px|true|true\u00bb mix_blend_mode=\u00bbhard-light\u00bb custom_css_main_element=\u00bbmargin: auto auto 0;\u00bb global_colors_info=\u00bb{}\u00bb]<\/p>\n<p style=\"font-size: 13px;\">GRUPO EURORED<\/p>\n<h1>P\u00eache<\/h1>\n<h2>Chalutage et P\u00eache C\u00f4ti\u00e8re<\/h2>\n<p>[\/et_pb_text][\/et_pb_column][et_pb_column type=\u00bb1_3&#8243; _builder_version=\u00bb4.16&#8243; _module_preset=\u00bbdefault\u00bb global_colors_info=\u00bb{}\u00bb][\/et_pb_column][\/et_pb_row][\/et_pb_section][et_pb_section fb_built=\u00bb1&#8243; admin_label=\u00bbIntroducci\u00f3n\u00bb _builder_version=\u00bb4.16&#8243; _module_preset=\u00bbdefault\u00bb background_enable_color=\u00bboff\u00bb da_disable_devices=\u00bboff|off|off\u00bb global_colors_info=\u00bb{}\u00bb da_is_popup=\u00bboff\u00bb da_exit_intent=\u00bboff\u00bb da_has_close=\u00bbon\u00bb da_alt_close=\u00bboff\u00bb da_dark_close=\u00bboff\u00bb da_not_modal=\u00bbon\u00bb da_is_singular=\u00bboff\u00bb da_with_loader=\u00bboff\u00bb da_has_shadow=\u00bbon\u00bb][et_pb_row column_structure=\u00bb2_3,1_3&#8243; _builder_version=\u00bb4.16&#8243; _module_preset=\u00bbdefault\u00bb background_enable_image=\u00bboff\u00bb width_tablet=\u00bb100%\u00bb width_phone=\u00bb100%\u00bb width_last_edited=\u00bbon|tablet\u00bb height=\u00bb439px\u00bb custom_css_main_element=\u00bbalign-items: flex-start;\u00bb global_colors_info=\u00bb{}\u00bb][et_pb_column type=\u00bb2_3&#8243; _builder_version=\u00bb4.16&#8243; _module_preset=\u00bbdefault\u00bb background_color=\u00bb#af0023&#8243; custom_padding=\u00bb0px||0px||true|true\u00bb global_colors_info=\u00bb{}\u00bb][et_pb_text _builder_version=\u00bb4.21.0&#8243; _module_preset=\u00bbdefault\u00bb background_enable_color=\u00bboff\u00bb background_enable_image=\u00bboff\u00bb background_size=\u00bbinitial\u00bb background_blend=\u00bbhard-light\u00bb background_layout=\u00bbdark\u00bb custom_margin=\u00bb||9px||false|false\u00bb custom_padding=\u00bb54px|50px|3px|50px|false|true\u00bb mix_blend_mode=\u00bbhard-light\u00bb custom_css_main_element=\u00bbmargin: auto auto 0;\u00bb global_colors_info=\u00bb{}\u00bb]<\/p>\n<h3><span>Nous sommes leaders dans la conception, la fabrication et la commercialisation des filets pour les secteurs de la p\u00eache et de l'aquaculture avec plus de 45 ans d'exp\u00e9rience.\u00a0<\/span><\/h3>\n<p>[\/et_pb_text][et_pb_text _builder_version=\u00bb4.21.0&#8243; _module_preset=\u00bbdefault\u00bb background_enable_color=\u00bboff\u00bb background_enable_image=\u00bboff\u00bb background_size=\u00bbinitial\u00bb background_blend=\u00bbhard-light\u00bb vertical_offset_tablet=\u00bb0&#8243; horizontal_offset_tablet=\u00bb0&#8243; background_layout=\u00bbdark\u00bb custom_margin=\u00bb||||false|false\u00bb custom_padding=\u00bb2px|50px|50px|50px|false|true\u00bb mix_blend_mode=\u00bbhard-light\u00bb z_index_tablet=\u00bb0&#8243; custom_css_main_element=\u00bbmargin: auto auto 0;\u00bb text_text_shadow_horizontal_length_tablet=\u00bb0px\u00bb text_text_shadow_vertical_length_tablet=\u00bb0px\u00bb text_text_shadow_blur_strength_tablet=\u00bb1px\u00bb link_text_shadow_horizontal_length_tablet=\u00bb0px\u00bb link_text_shadow_vertical_length_tablet=\u00bb0px\u00bb link_text_shadow_blur_strength_tablet=\u00bb1px\u00bb ul_text_shadow_horizontal_length_tablet=\u00bb0px\u00bb ul_text_shadow_vertical_length_tablet=\u00bb0px\u00bb ul_text_shadow_blur_strength_tablet=\u00bb1px\u00bb ol_text_shadow_horizontal_length_tablet=\u00bb0px\u00bb ol_text_shadow_vertical_length_tablet=\u00bb0px\u00bb ol_text_shadow_blur_strength_tablet=\u00bb1px\u00bb quote_text_shadow_horizontal_length_tablet=\u00bb0px\u00bb quote_text_shadow_vertical_length_tablet=\u00bb0px\u00bb quote_text_shadow_blur_strength_tablet=\u00bb1px\u00bb header_text_shadow_horizontal_length_tablet=\u00bb0px\u00bb header_text_shadow_vertical_length_tablet=\u00bb0px\u00bb header_text_shadow_blur_strength_tablet=\u00bb1px\u00bb header_2_text_shadow_horizontal_length_tablet=\u00bb0px\u00bb header_2_text_shadow_vertical_length_tablet=\u00bb0px\u00bb header_2_text_shadow_blur_strength_tablet=\u00bb1px\u00bb header_3_text_shadow_horizontal_length_tablet=\u00bb0px\u00bb header_3_text_shadow_vertical_length_tablet=\u00bb0px\u00bb header_3_text_shadow_blur_strength_tablet=\u00bb1px\u00bb header_4_text_shadow_horizontal_length_tablet=\u00bb0px\u00bb header_4_text_shadow_vertical_length_tablet=\u00bb0px\u00bb header_4_text_shadow_blur_strength_tablet=\u00bb1px\u00bb header_5_text_shadow_horizontal_length_tablet=\u00bb0px\u00bb header_5_text_shadow_vertical_length_tablet=\u00bb0px\u00bb header_5_text_shadow_blur_strength_tablet=\u00bb1px\u00bb header_6_text_shadow_horizontal_length_tablet=\u00bb0px\u00bb header_6_text_shadow_vertical_length_tablet=\u00bb0px\u00bb header_6_text_shadow_blur_strength_tablet=\u00bb1px\u00bb box_shadow_horizontal_tablet=\u00bb0px\u00bb box_shadow_vertical_tablet=\u00bb0px\u00bb box_shadow_blur_tablet=\u00bb40px\u00bb box_shadow_spread_tablet=\u00bb0px\u00bb global_colors_info=\u00bb{}\u00bb]<\/p>\n<p>La recherche et l'innovation dans nos processus de production nous am\u00e8nent \u00e0 proposer sur le march\u00e9 national et international des produits aux normes de qualit\u00e9 les plus \u00e9lev\u00e9es, pour r\u00e9aliser l\u2019engin de p\u00eache le mieux adapt\u00e9 \u00e0 vos besoins.<\/p>\n<p>Elaboramos redes pel\u00e1gicas, semipel\u00e1gicas, de fondo, tangoneras, etc siempre a la vanguardia y desarrolladas de la mano con nuestros clientes adem\u00e1s de suministrar todo lo necesario para la actividad pesquera: puertas de arrastre MORGERE, redes COTESI, cuerdas, estachas, cable ORCA, flotaci\u00f3n, ferreter\u00eda naval CROSBY GROUP (KITO CROSBY, TRAWLEX, GUNNEBO) de los que somos distribuidores oficiales certificados, material de palangre, etc.<\/p>\n<p>[\/et_pb_text][et_pb_image src=\u00bbhttps:\/\/grupoeurored.com\/wp-content\/uploads\/2023\/10\/LOGOS-MARCAS-COLABORADORES-GRUPO-EURORED.png\u00bb alt=\u00bbLOGOS MARCAS COLABORADORES GRUPO EURORED\u00bb title_text=\u00bbLOGOS MARCAS COLABORADORES GRUPO EURORED\u00bb align=\u00bbcenter\u00bb _builder_version=\u00bb4.24.2&#8243; _module_preset=\u00bbdefault\u00bb vertical_offset_tablet=\u00bb0&#8243; horizontal_offset_tablet=\u00bb0&#8243; module_alignment=\u00bbcenter\u00bb custom_margin=\u00bb-24px|||\u00bb custom_padding=\u00bb0px||26px|-10px\u00bb z_index_tablet=\u00bb0&#8243; box_shadow_horizontal_tablet=\u00bb0px\u00bb box_shadow_vertical_tablet=\u00bb0px\u00bb box_shadow_blur_tablet=\u00bb40px\u00bb box_shadow_spread_tablet=\u00bb0px\u00bb global_colors_info=\u00bb{}\u00bb]<br \/>\n[\/et_pb_image][\/et_pb_column][et_pb_column type=\u00bb1_3&#8243; _builder_version=\u00bb4.16&#8243; _module_preset=\u00bbdefault\u00bb global_colors_info=\u00bb{}\u00bb][et_pb_blurb image=\u00bbhttps:\/\/grupoeurored.com\/wp-content\/uploads\/2020\/10\/eurored-contacto.jpg\u00bb _builder_version=\u00bb4.16&#8243; _module_preset=\u00bbdefault\u00bb background_color=\u00bb#ffffff\u00bb custom_margin=\u00bb29px||||false|false\u00bb custom_margin_tablet=\u00bb-33px||||false|false\u00bb custom_margin_phone=\u00bb-33px||||false|false\u00bb custom_margin_last_edited=\u00bbon|phone\u00bb custom_padding=\u00bb0px||||false|false\u00bb custom_padding_tablet=\u00bb41px||||false|false\u00bb custom_padding_phone=\u00bb0px||||false|false\u00bb custom_padding_last_edited=\u00bbon|tablet\u00bb animation_style=\u00bbfade\u00bb animation=\u00bbbottom\u00bb scroll_vertical_motion_enable=\u00bbon\u00bb scroll_vertical_motion=\u00bb0|50|50|100|0.5|0|-0.5&#8243; scroll_vertical_motion_tablet=\u00bb0|50|50|100|0|0|0&#8243; scroll_vertical_motion_phone=\u00bb0|50|50|100|0|0|0&#8243; scroll_vertical_motion_last_edited=\u00bbon|phone\u00bb box_shadow_style=\u00bbpreset1&#8243; box_shadow_blur=\u00bb31px\u00bb box_shadow_spread=\u00bb-15px\u00bb global_colors_info=\u00bb{}\u00bb]<\/p>\n<div style=\"padding: 0 20px;\">\n<h3 style=\"padding: 10px 0px 20px 0;\">Division p\u00eache<\/h3>\n<p style=\"border-top: 2px solid #333; padding: 20px 0;\">Contact comercial<\/p>\n<p style=\"border-top: 2px solid #333; padding: 20px 0;\">T\u00e9l\u00e9phone <strong><a href=\"tel:0034986203312\"><span aria-label=\"Llamar al n\u00famero de tel\u00e9fono 986 20 33 12\" role=\"link\">+34 986 20 33 12<\/span><\/a><\/strong><\/p>\n<p style=\"border-top: 2px solid #333; padding: 20px 0;\">Email:\u00a0<a href=\"mailto:info@grupoeurored.com\"><strong>info@grupoeurored.com<\/strong><\/a><\/p>\n<\/div>\n<p>[\/et_pb_blurb][\/et_pb_column][\/et_pb_row][\/et_pb_section][et_pb_section fb_built=\u00bb1&#8243; admin_label=\u00bbTabs\u00bb _builder_version=\u00bb4.16&#8243; _module_preset=\u00bbdefault\u00bb background_color=\u00bb#ffffff\u00bb custom_margin=\u00bb90px||||false|false\u00bb custom_padding=\u00bb83px|0px|29px||false|false\u00bb da_disable_devices=\u00bboff|off|off\u00bb global_colors_info=\u00bb{}\u00bb da_is_popup=\u00bboff\u00bb da_exit_intent=\u00bboff\u00bb da_has_close=\u00bbon\u00bb da_alt_close=\u00bboff\u00bb da_dark_close=\u00bboff\u00bb da_not_modal=\u00bbon\u00bb da_is_singular=\u00bboff\u00bb da_with_loader=\u00bboff\u00bb da_has_shadow=\u00bbon\u00bb][et_pb_row _builder_version=\u00bb4.16&#8243; _module_preset=\u00bbdefault\u00bb width_tablet=\u00bb100%\u00bb width_phone=\u00bb\u00bb width_last_edited=\u00bbon|phone\u00bb custom_padding=\u00bb0px|0px|0px|0px|true|true\u00bb global_colors_info=\u00bb{}\u00bb][et_pb_column type=\u00bb4_4&#8243; _builder_version=\u00bb4.16&#8243; _module_preset=\u00bbdefault\u00bb global_colors_info=\u00bb{}\u00bb][et_pb_tabs _builder_version=\u00bb4.21.0&#8243; _module_preset=\u00bbdefault\u00bb tab_line_height=\u00bb1.8em\u00bb background_color=\u00bbrgba(0,0,0,0)\u00bb width_phone=\u00bb100%\u00bb width_last_edited=\u00bboff|desktop\u00bb module_alignment=\u00bbcenter\u00bb custom_margin_tablet=\u00bb59px||||false|false\u00bb custom_margin_phone=\u00bb39px||||false|false\u00bb custom_margin_last_edited=\u00bbon|desktop\u00bb custom_padding=\u00bb27px|3px|67px||false|false\u00bb custom_padding_tablet=\u00bb45px||45px||true|false\u00bb custom_padding_phone=\u00bb\u00bb custom_padding_last_edited=\u00bbon|tablet\u00bb tab_font_size_tablet=\u00bb16px\u00bb tab_font_size_phone=\u00bb24px\u00bb tab_font_size_last_edited=\u00bbon|tablet\u00bb custom_css_tabs_controls=\u00bbbackground-color:inherit;\u00bb global_colors_info=\u00bb{}\u00bb custom_css_tabs_content_last_edited=\u00bbon|phone\u00bb custom_css_tabs_content_phone=\u00bbmax-width:90%;\u00bb][et_pb_tab title=\u00bbREDES DE ARRASTRE\u00bb _builder_version=\u00bb4.21.0&#8243; _module_preset=\u00bbdefault\u00bb background_enable_color=\u00bboff\u00bb custom_padding_phone=\u00bb||||false|false\u00bb custom_padding_last_edited=\u00bboff|phone\u00bb link_option_url=\u00bbhttps:\/\/youtu.be\/zYHGdnUuyoQ\u00bb global_colors_info=\u00bb{}\u00bb]<\/p>\n<p><img decoding=\"async\" class=\"wp-image-1639  alignright lazyload\" style=\"--smush-placeholder-width: 1124px; --smush-placeholder-aspect-ratio: 1124\/612;float: right; padding-bottom: 30px;\" data-src=\"https:\/\/grupoeurored.com\/wp-content\/uploads\/2020\/10\/Redes-Arrastre-tecnica.jpg\" alt=\"\" width=\"500\" height=\"auto\" data-srcset=\"https:\/\/grupoeurored.com\/wp-content\/uploads\/2020\/10\/Redes-Arrastre-tecnica.jpg 1124w, https:\/\/grupoeurored.com\/wp-content\/uploads\/2020\/10\/Redes-Arrastre-tecnica-980x534.jpg 980w, https:\/\/grupoeurored.com\/wp-content\/uploads\/2020\/10\/Redes-Arrastre-tecnica-480x261.jpg 480w\" data-sizes=\"(min-width: 0px) and (max-width: 480px) 480px, (min-width: 481px) and (max-width: 980px) 980px, (min-width: 981px) 1124px, 100vw\" src=\"data:image\/svg+xml;base64,PHN2ZyB3aWR0aD0iMSIgaGVpZ2h0PSIxIiB4bWxucz0iaHR0cDovL3d3dy53My5vcmcvMjAwMC9zdmciPjwvc3ZnPg==\" \/><\/p>\n<h3>Des solutions compl\u00e8tes, depuis la conception dus engines de p\u00eache, la construction de prototypes jusqu'\u00e0 la r\u00e9alisation d'essais techniques.<\/h3>\n<p>Nous sommes sp\u00e9cialis\u00e9s dans la conception et la production de chaluts de fond et p\u00e9lagiques pour la capture d\u2019esp\u00e8ces d\u00e9mersales et vari\u00e9t\u00e9s de poissons benthiques et p\u00e9lagiques.<\/p>\n<p>Notre \u00e9quipe effectue un contr\u00f4le rigoureux \u00e0 chaque \u00e9tape de la fabrication afin de garantir une qualit\u00e9 optimale pour une rentabilit\u00e9 maximale. Nous d\u00e9veloppons des solutions adapt\u00e9es aux caract\u00e9ristiques du navire, vitesse de remorquage, type de fond et profondeur, conditions environnementales, etc. Nous r\u00e9alisons les calculs de tous les \u00e9l\u00e9ments \u00e0 l'aide de diff\u00e9rents outils logiciels, tant pour le calcul que pour la simulation 3D. Notre service technique sp\u00e9cialis\u00e9 est disponible pour vous accompagner dans toutes les phases de la conception des engins de p\u00eache. L\u2019objectif est d\u2019optimiser l\u2019engin afin d\u2019obtenir le meilleur rapport capture \/ consommation.<\/p>\n<p>[\/et_pb_tab][et_pb_tab title=\u00bbPALANGRE\u00bb _builder_version=\u00bb4.21.0&#8243; _module_preset=\u00bbdefault\u00bb link_option_url=\u00bbhttps:\/\/grupoeurored.com\/pesca\/palangre\/\u00bb global_colors_info=\u00bb{}\u00bb]<\/p>\n<h3><img decoding=\"async\" class=\"wp-image-1651 size-full alignright lazyload\" style=\"--smush-placeholder-width: 511px; --smush-placeholder-aspect-ratio: 511\/373;float: right;\" data-src=\"https:\/\/grupoeurored.com\/wp-content\/uploads\/2020\/10\/Palangre-1.jpg\" alt=\"\" width=\"400\" height=\"auto\" data-srcset=\"https:\/\/grupoeurored.com\/wp-content\/uploads\/2020\/10\/Palangre-1.jpg 511w, https:\/\/grupoeurored.com\/wp-content\/uploads\/2020\/10\/Palangre-1-480x350.jpg 480w\" data-sizes=\"(min-width: 0px) and (max-width: 480px) 480px, (min-width: 481px) 511px, 100vw\" src=\"data:image\/svg+xml;base64,PHN2ZyB3aWR0aD0iMSIgaGVpZ2h0PSIxIiB4bWxucz0iaHR0cDovL3d3dy53My5vcmcvMjAwMC9zdmciPjwvc3ZnPg==\" \/><\/h3>\n<h3>Nous d\u00e9veloppons des solutions compl\u00e8tes pour la p\u00eache \u00e0 la palangre.<\/h3>\n<p>Nous d\u00e9veloppons des solutions compl\u00e8tes pour la p\u00eache \u00e0 la palangre de surface et de fond, adaptant les montages et les hame\u00e7ons au type de poisson \u00e0 p\u00eacher. Nous travaillons avec diff\u00e9rentes fils mono long line de qualit\u00e9, souple et r\u00e9sistant, ainsi que des manchons et emerillons \u00e9prouv\u00e9s ayant fait leurs preuves.<\/p>\n<p>Nous avons d'un stock important de mat\u00e9riels n\u00e9cessaires \u00e0 l'activit\u00e9 palangre :\nHame\u00e7ons, Fils en monofilament SIAT, Fil Inox, Bou\u00e9es, Agrafes, Mousquetons et \u00e9merillons, Lampes LED, V\u00eatements: Bottes et gants pour les p\u00eacheurs, couteaux, ciseaux, crochets et gaffes, etc.<\/p>\n<p>[\/et_pb_tab][et_pb_tab title=\u00bbATUNEROS\u00bb _builder_version=\u00bb4.21.0&#8243; _module_preset=\u00bbdefault\u00bb link_option_url=\u00bbhttps:\/\/grupoeurored.com\/pesca\/atuneros-eurored\/\u00bb global_colors_info=\u00bb{}\u00bb]<\/p>\n<h3><img decoding=\"async\" class=\"wp-image-1629 size-full alignright lazyload\" data-src=\"https:\/\/grupoeurored.com\/wp-content\/uploads\/2020\/10\/Imagen-red-atun.jpg\" alt=\"\" width=\"388\" height=\"228\" data-srcset=\"https:\/\/grupoeurored.com\/wp-content\/uploads\/2020\/10\/Imagen-red-atun.jpg 388w, https:\/\/grupoeurored.com\/wp-content\/uploads\/2020\/10\/Imagen-red-atun-300x176.jpg 300w\" data-sizes=\"(max-width: 388px) 100vw, 388px\" src=\"data:image\/svg+xml;base64,PHN2ZyB3aWR0aD0iMSIgaGVpZ2h0PSIxIiB4bWxucz0iaHR0cDovL3d3dy53My5vcmcvMjAwMC9zdmciPjwvc3ZnPg==\" style=\"--smush-placeholder-width: 388px; --smush-placeholder-aspect-ratio: 388\/228;\" \/><br \/>Grupo Eurored dispose d'une division sp\u00e9cialis\u00e9e dans la conception et la construction d'engins de p\u00eache au thon ainsi que nous soutenons pleinement les op\u00e9rations \u00e0 bord et sur les pont en tant que fournisseur leader de solutions et material pour le navier.<\/h3>\n<p>Ofrecemos recursos con los m\u00e1s altos niveles de calidad y operatividad. Empleamos materiales y componentes en el aparejo con las mejores caracter\u00edsticas en t\u00e9rminos de alta tenacidad para minimizar deformaciones, y de resistencia para evitar rasgaduras y abrasiones. Materiales de primeras calidades como cable Bridon o ferreter\u00eda naval Crosby. Todo ello en b\u00fasqueda de reducir los gastos de mantenimiento durante el ciclo de vida de nuestras soluciones y a la vez ofreciendo la mayor eficiencia cuando el buque atunero realiza sus operaciones de pesca.<\/p>\n<p>[\/et_pb_tab][et_pb_tab title=\u00bbARTES MENORES\u00bb _builder_version=\u00bb4.21.0&#8243; _module_preset=\u00bbdefault\u00bb link_option_url=\u00bbhttps:\/\/grupoeurored.com\/pesca\/palangre\/\u00bb global_colors_info=\u00bb{}\u00bb]<\/p>\n<p><img decoding=\"async\" class=\"wp-image-1593 size-full alignright lazyload\" style=\"--smush-placeholder-width: 1201px; --smush-placeholder-aspect-ratio: 1201\/801;float: right;\" data-src=\"https:\/\/grupoeurored.com\/wp-content\/uploads\/2020\/10\/eurored-palangre.jpg\" alt=\"\" width=\"500\" height=\"auto\" data-srcset=\"https:\/\/grupoeurored.com\/wp-content\/uploads\/2020\/10\/eurored-palangre.jpg 1201w, https:\/\/grupoeurored.com\/wp-content\/uploads\/2020\/10\/eurored-palangre-980x654.jpg 980w, https:\/\/grupoeurored.com\/wp-content\/uploads\/2020\/10\/eurored-palangre-480x320.jpg 480w\" data-sizes=\"(min-width: 0px) and (max-width: 480px) 480px, (min-width: 481px) and (max-width: 980px) 980px, (min-width: 981px) 1201px, 100vw\" src=\"data:image\/svg+xml;base64,PHN2ZyB3aWR0aD0iMSIgaGVpZ2h0PSIxIiB4bWxucz0iaHR0cDovL3d3dy53My5vcmcvMjAwMC9zdmciPjwvc3ZnPg==\" \/><\/p>\n<h3>Nous sommes sp\u00e9cialistes de la p\u00eache c\u00f4ti\u00e8re<\/h3>\n<p class=\"translation-block\">Suministramos todo tipo de redes, cordeler\u00eda y componentes para el desarrollo de las artes menores de pesca. Todo tipo de redes de enmalle de nuestra marca l\u00edder en el mercado ORCA Red. Nuestra delegaci\u00f3n en la Coru\u00f1a con almac\u00e9n log\u00edstico de 3.000 m<sup>2<\/sup> proporciona un servicio y entregas inmediatas a todos nuestros clientes en Espa\u00f1a, Portugal y Francia.<\/p>\n<p>Nous int\u00e9grons constamment de nouveaux produits et technologies dans notre catalogue tels que: Pinger r\u00e9pulsif pour dauphins, localisateurs et r\u00e9cup\u00e9rateurs d'engins de p\u00eache, etc.<br \/><img decoding=\"async\" style=\"--smush-placeholder-width: 1170px; --smush-placeholder-aspect-ratio: 1170\/1200;padding-top: 30px;\" data-src=\"https:\/\/grupoeurored.com\/wp-content\/uploads\/2020\/10\/LOGO-ORCA-RED-001-1170x1200.jpg\" width=\"140\" height=\"auto\" alt=\"Orca\" class=\"wp-image-1660 alignright size-large lazyload\" data-srcset=\"https:\/\/grupoeurored.com\/wp-content\/uploads\/2020\/10\/LOGO-ORCA-RED-001-1170x1200.jpg 1170w, https:\/\/grupoeurored.com\/wp-content\/uploads\/2020\/10\/LOGO-ORCA-RED-001-980x1005.jpg 980w, https:\/\/grupoeurored.com\/wp-content\/uploads\/2020\/10\/LOGO-ORCA-RED-001-480x492.jpg 480w\" data-sizes=\"(min-width: 0px) and (max-width: 480px) 480px, (min-width: 481px) and (max-width: 980px) 980px, (min-width: 981px) 1170px, 100vw\" src=\"data:image\/svg+xml;base64,PHN2ZyB3aWR0aD0iMSIgaGVpZ2h0PSIxIiB4bWxucz0iaHR0cDovL3d3dy53My5vcmcvMjAwMC9zdmciPjwvc3ZnPg==\" \/><\/p>\n<p>[\/et_pb_tab][\/et_pb_tabs][\/et_pb_column][\/et_pb_row][et_pb_row _builder_version=\u00bb4.27.4&#8243; _module_preset=\u00bbdefault\u00bb][et_pb_column _builder_version=\u00bb4.27.4&#8243; _module_preset=\u00bbdefault\u00bb type=\u00bb4_4&#8243;][et_pb_video _builder_version=\u00bb4.27.4&#8243; _module_preset=\u00bbdefault\u00bb hover_enabled=\u00bb0&#8243; sticky_enabled=\u00bb0&#8243; src=\u00bbhttps:\/\/www.youtube.com\/watch?v=zYHGdnUuyoQ\u00bb][\/et_pb_video][\/et_pb_column][\/et_pb_row][\/et_pb_section][et_pb_section fb_built=\u00bb1&#8243; _builder_version=\u00bb4.16&#8243; _module_preset=\u00bbdefault\u00bb background_enable_color=\u00bboff\u00bb min_height=\u00bb145px\u00bb custom_margin=\u00bb-8px|||||\u00bb custom_padding=\u00bb55px||75px|||\u00bb da_disable_devices=\u00bboff|off|off\u00bb global_colors_info=\u00bb{}\u00bb da_is_popup=\u00bboff\u00bb da_exit_intent=\u00bboff\u00bb da_has_close=\u00bbon\u00bb da_alt_close=\u00bboff\u00bb da_dark_close=\u00bboff\u00bb da_not_modal=\u00bbon\u00bb da_is_singular=\u00bboff\u00bb da_with_loader=\u00bboff\u00bb da_has_shadow=\u00bbon\u00bb][et_pb_row _builder_version=\u00bb4.16&#8243; _module_preset=\u00bbdefault\u00bb custom_margin=\u00bb10px|auto||auto||\u00bb custom_padding=\u00bb58px||60px|||\u00bb global_colors_info=\u00bb{}\u00bb][et_pb_column type=\u00bb4_4&#8243; _builder_version=\u00bb4.16&#8243; _module_preset=\u00bbdefault\u00bb global_colors_info=\u00bb{}\u00bb][et_pb_text _builder_version=\u00bb4.16&#8243; _module_preset=\u00bbdefault\u00bb header_2_text_align=\u00bbcenter\u00bb header_2_font_size=\u00bb35px\u00bb max_width=\u00bb60%\u00bb max_width_tablet=\u00bb100%\u00bb max_width_phone=\u00bb100%\u00bb max_width_last_edited=\u00bbon|phone\u00bb module_alignment=\u00bbcenter\u00bb custom_margin=\u00bb-11px|||||\u00bb custom_padding=\u00bb0px|||||\u00bb global_colors_info=\u00bb{}\u00bb]<\/p>\n<h2>Tout ce dont l'industrie de la p\u00eache a besoin<\/h2>\n<p>[\/et_pb_text][et_pb_text _builder_version=\u00bb4.16&#8243; _module_preset=\u00bbdefault\u00bb text_text_color=\u00bb#878787&#8243; text_font_size=\u00bb19px\u00bb width=\u00bb58%\u00bb width_tablet=\u00bb100%\u00bb width_phone=\u00bb\u00bb width_last_edited=\u00bbon|phone\u00bb module_alignment=\u00bbcenter\u00bb custom_padding=\u00bb||15px|||\u00bb global_colors_info=\u00bb{}\u00bb]<\/p>\n<p style=\"text-align: center;\">Grupo Eurored vous propose toute une gamme de solutions sp\u00e9cifiques pour les\nprofessionnels de la p\u00eache, de l'aquaculture et des industries connexes.<\/p>\n<p>[\/et_pb_text][et_pb_button button_url=\u00bb@ET-DC@eyJkeW5hbWljIjp0cnVlLCJjb250ZW50IjoicG9zdF9saW5rX3VybF9wYWdlIiwic2V0dGluZ3MiOnsicG9zdF9pZCI6IjQ4NCJ9fQ==@\u00bb button_text=\u00bbP\u00d3NGASE EN CONTACTO PARA ASESORAMIENTO PERSONALIZADO\u00bb button_alignment=\u00bbcenter\u00bb _builder_version=\u00bb4.16&#8243; _dynamic_attributes=\u00bbbutton_url\u00bb _module_preset=\u00bbdefault\u00bb button_text_size=\u00bb14px\u00bb button_use_icon=\u00bboff\u00bb custom_margin=\u00bb0px||||false|false\u00bb custom_padding=\u00bb20px|65px|20px|65px|true|true\u00bb global_colors_info=\u00bb{}\u00bb button_bg_color__hover_enabled=\u00bbon|hover\u00bb button_bg_color__hover=\u00bb#ffffff\u00bb button_bg_enable_color__hover=\u00bbon\u00bb button_text_color__hover_enabled=\u00bbon|hover\u00bb button_text_color__hover=\u00bb#B10023&#8243;]<br \/>\n[\/et_pb_button][\/et_pb_column][\/et_pb_row][\/et_pb_section]<\/p>","protected":false},"excerpt":{"rendered":"<p>GRUPO EURORED Pesca Artes de pesca de altura y bajura Somos l\u00edderes en el dise\u00f1o, fabricaci\u00f3n y comercializaci\u00f3n de redes para los sectores de pesca y acuicultura con m\u00e1s de 45 a\u00f1os de experiencia.\u00a0 La constante investigaci\u00f3n e innovaci\u00f3n en nuestros procesos de producci\u00f3n nos lleva a ofrecer al mercado nacional e internacional, productos con [&hellip;]<\/p>","protected":false},"author":1,"featured_media":0,"parent":0,"menu_order":0,"comment_status":"closed","ping_status":"closed","template":"","meta":{"_et_pb_use_builder":"on","_et_pb_old_content":"","_et_gb_content_width":"","inline_featured_image":false,"footnotes":""},"class_list":["post-154","page","type-page","status-publish","hentry"],"_links":{"self":[{"href":"https:\/\/grupoeurored.com\/fr\/wp-json\/wp\/v2\/pages\/154","targetHints":{"allow":["GET"]}}],"collection":[{"href":"https:\/\/grupoeurored.com\/fr\/wp-json\/wp\/v2\/pages"}],"about":[{"href":"https:\/\/grupoeurored.com\/fr\/wp-json\/wp\/v2\/types\/page"}],"author":[{"embeddable":true,"href":"https:\/\/grupoeurored.com\/fr\/wp-json\/wp\/v2\/users\/1"}],"replies":[{"embeddable":true,"href":"https:\/\/grupoeurored.com\/fr\/wp-json\/wp\/v2\/comments?post=154"}],"version-history":[{"count":0,"href":"https:\/\/grupoeurored.com\/fr\/wp-json\/wp\/v2\/pages\/154\/revisions"}],"wp:attachment":[{"href":"https:\/\/grupoeurored.com\/fr\/wp-json\/wp\/v2\/media?parent=154"}],"curies":[{"name":"wp","href":"https:\/\/api.w.org\/{rel}","templated":true}]}}