{"id":1175,"date":"2020-09-21T13:43:40","date_gmt":"2020-09-21T11:43:40","guid":{"rendered":"https:\/\/eurored.dapdap.es\/?page_id=1175"},"modified":"2023-08-24T08:08:37","modified_gmt":"2023-08-24T06:08:37","slug":"atelier-et-fournitures","status":"publish","type":"page","link":"https:\/\/grupoeurored.com\/fr\/atelier-et-fournitures\/","title":{"rendered":"Atelier et Fournitures"},"content":{"rendered":"<p>[et_pb_section fb_built=\u00bb1&#8243; admin_label=\u00bbEntradilla\u00bb _builder_version=\u00bb4.6.6&#8243; _module_preset=\u00bbdefault\u00bb background_enable_color=\u00bboff\u00bb background_video_mp4=\u00bbhttps:\/\/grupoeurored.com\/wp-content\/uploads\/2020\/10\/Clip-Suministros-low.mp4&#8243; custom_css_main_element=\u00bbdisplay:flex;||height:60vh;\u00bb da_disable_devices=\u00bboff|off|off\u00bb da_is_popup=\u00bboff\u00bb da_exit_intent=\u00bboff\u00bb da_has_close=\u00bbon\u00bb da_alt_close=\u00bboff\u00bb da_dark_close=\u00bboff\u00bb da_not_modal=\u00bbon\u00bb da_is_singular=\u00bboff\u00bb da_with_loader=\u00bboff\u00bb da_has_shadow=\u00bbon\u00bb][et_pb_row column_structure=\u00bb2_3,1_3&#8243; _builder_version=\u00bb4.6.6&#8243; _module_preset=\u00bbdefault\u00bb background_enable_image=\u00bboff\u00bb positioning=\u00bbabsolute\u00bb position_origin_a=\u00bbbottom_center\u00bb z_index=\u00bb345&#8243; position_origin_a_last_edited=\u00bboff|desktop\u00bb position_origin_f_last_edited=\u00bboff|desktop\u00bb position_origin_r_last_edited=\u00bboff|desktop\u00bb width_tablet=\u00bb100%\u00bb width_phone=\u00bb100%\u00bb width_last_edited=\u00bbon|desktop\u00bb mix_blend_mode=\u00bbhard-light\u00bb positioning_last_edited=\u00bboff|desktop\u00bb][et_pb_column type=\u00bb2_3&#8243; _builder_version=\u00bb4.5.1&#8243; _module_preset=\u00bbdefault\u00bb background_color=\u00bb#af0023&#8243; custom_padding=\u00bb0px||0px||true|true\u00bb mix_blend_mode=\u00bbhard-light\u00bb custom_css_main_element=\u00bbmargin: auto auto 0;\u00bb][et_pb_text _builder_version=\u00bb4.9.2&#8243; _module_preset=\u00bbdefault\u00bb background_enable_color=\u00bboff\u00bb background_enable_image=\u00bboff\u00bb background_size=\u00bbinitial\u00bb background_blend=\u00bbhard-light\u00bb background_layout=\u00bbdark\u00bb custom_margin=\u00bb||||false|false\u00bb custom_padding=\u00bb50px|50px|50px|50px|true|true\u00bb mix_blend_mode=\u00bbhard-light\u00bb custom_css_main_element=\u00bbmargin: auto auto 0;\u00bb]<\/p>\n<p style=\"font-size: 13px;\">GRUPO EURORED<\/p>\n<h1>Atelier et Fournitures<\/h1>\n<h2>Fabrication sur mesure, fourniture de gr\u00e9ement et accastillage marine<\/h2>\n<p>[\/et_pb_text][\/et_pb_column][et_pb_column type=\u00bb1_3&#8243; _builder_version=\u00bb4.5.1&#8243; _module_preset=\u00bbdefault\u00bb][\/et_pb_column][\/et_pb_row][\/et_pb_section][et_pb_section fb_built=\u00bb1&#8243; admin_label=\u00bbIntroducci\u00f3n\u00bb _builder_version=\u00bb4.6.5&#8243; _module_preset=\u00bbdefault\u00bb background_color=\u00bb#ffffff\u00bb da_disable_devices=\u00bboff|off|off\u00bb da_is_popup=\u00bboff\u00bb da_exit_intent=\u00bboff\u00bb da_has_close=\u00bbon\u00bb da_alt_close=\u00bboff\u00bb da_dark_close=\u00bboff\u00bb da_not_modal=\u00bbon\u00bb da_is_singular=\u00bboff\u00bb da_with_loader=\u00bboff\u00bb da_has_shadow=\u00bbon\u00bb][et_pb_row column_structure=\u00bb2_3,1_3&#8243; make_equal=\u00bbon\u00bb _builder_version=\u00bb4.6.6&#8243; _module_preset=\u00bbdefault\u00bb background_enable_image=\u00bboff\u00bb width_tablet=\u00bb100%\u00bb width_phone=\u00bb\u00bb width_last_edited=\u00bbon|tablet\u00bb custom_padding=\u00bb0px||||false|false\u00bb custom_css_main_element=\u00bbalign-items: flex-start;\u00bb][et_pb_column type=\u00bb2_3&#8243; _builder_version=\u00bb4.5.1&#8243; _module_preset=\u00bbdefault\u00bb background_color=\u00bb#af0023&#8243; custom_padding=\u00bb0px||0px||true|true\u00bb][et_pb_text _builder_version=\u00bb4.9.2&#8243; _module_preset=\u00bbdefault\u00bb background_enable_color=\u00bboff\u00bb background_enable_image=\u00bboff\u00bb background_size=\u00bbinitial\u00bb background_blend=\u00bbhard-light\u00bb background_layout=\u00bbdark\u00bb custom_margin=\u00bb||||false|false\u00bb custom_padding=\u00bb50px|50px|50px|50px|true|true\u00bb mix_blend_mode=\u00bbhard-light\u00bb custom_css_main_element=\u00bbmargin: auto auto 0;\u00bb]<\/p>\n<h3>La qualit\u00e9 technique de nos solutions sur mesure couvre les besoins de nos clients de mani\u00e8re concr\u00e8te et d\u00e9taill\u00e9e.<\/h3>\n<p>&nbsp;<\/p>\n<p>Dans la divisi\u00f3n de Production et Fournitures, nous proposons des solutions sur mesure:<\/p>\n<ul>\n<li class=\"translation-block\">drisses tress\u00e9es, aussi\u00e8re d'amarrage, \u00e9pissures sur mesure, pare-battages, manilles inox, r\u00e9alisation de gr\u00e9ements fixes et mobiles.<\/li>\n<li><strong>C\u00e2bles structurels<\/strong> Industrie, \u00e9l\u00e9vation, chantiers navals, architecture.<\/li>\n<li><strong>Equipements et accastillage<\/strong> cha\u00eenes et composants, manilles, maillons, cosses\ncoeur, \u00e9merillons, mousquetons, flotteurs, aiguilles, etc...<\/li>\n<li><strong>Ports et signalisation maritime:<\/strong> pontons, \u00e9quipement de mouillage et d'amarrage, bou\u00e9es et \u00e9clairage, balisage, etc.<span style=\"font-size: 16px;\">\u00a0<\/span><\/li>\n<li><strong>Pi\u00e8ces d\u00e9tach\u00e9es moteur:<\/strong> chemises, cylindres, pistons, soupapes, avec plus de 500 plans de fabrication pour moteurs de 50 \u00e0 150 mm.<\/li>\n<\/ul>\n<p>[\/et_pb_text][\/et_pb_column][et_pb_column type=\u00bb1_3&#8243; _builder_version=\u00bb4.5.1&#8243; _module_preset=\u00bbdefault\u00bb][et_pb_blurb image=\u00bbhttps:\/\/grupoeurored.com\/wp-content\/uploads\/2020\/10\/fotograma-suministros-2.jpg\u00bb _builder_version=\u00bb4.9.2&#8243; _module_preset=\u00bbdefault\u00bb background_color=\u00bb#ffffff\u00bb z_index=\u00bb125&#8243; custom_margin=\u00bb15px||||false|false\u00bb custom_margin_tablet=\u00bb-28px||||false|false\u00bb custom_margin_phone=\u00bb-34px||||false|false\u00bb custom_margin_last_edited=\u00bbon|phone\u00bb custom_padding=\u00bb0px||||false|false\u00bb custom_padding_tablet=\u00bb32px||32px||false|false\u00bb custom_padding_phone=\u00bb0px||||false|false\u00bb custom_padding_last_edited=\u00bbon|tablet\u00bb animation=\u00bbbottom\u00bb scroll_vertical_motion_enable=\u00bboff\u00bb scroll_vertical_motion=\u00bb0|50|50|100|-2|-1.5|-1&#8243; scroll_vertical_motion_tablet=\u00bb\u00bb scroll_vertical_motion_phone=\u00bb0|50|50|100|0|0|0&#8243; scroll_vertical_motion_last_edited=\u00bbon|phone\u00bb box_shadow_style=\u00bbpreset1&#8243; box_shadow_blur=\u00bb31px\u00bb box_shadow_spread=\u00bb-15px\u00bb saved_tabs=\u00bball\u00bb]<\/p>\n<div style=\"padding: 0 20px;\">\n<h3 style=\"padding: 10px 0px 20px 0;\">D\u00e9partement des fournitures<\/h3>\n<p style=\"border-top: 2px solid #333; padding: 20px 0;\">Coordonn\u00e9es<\/p>\n<p style=\"border-top: 2px solid #333; padding: 20px 0;\">T\u00e9l\u00e9phone <strong><a href=\"tel:0034986203312\"><span role=\"link\" aria-label=\"Llamar al n\u00famero de tel\u00e9fono 986 20 33 12\">+34 986 20 33 12<\/span><\/a><\/strong><\/p>\n<p style=\"border-top: 2px solid #333; padding: 20px 0;\">Email:\u00a0<a href=\"mailto:info@grupoeurored.com\"><strong>info@grupoeurored.com<\/strong><\/a><\/p>\n<\/div>\n<p>[\/et_pb_blurb][\/et_pb_column][\/et_pb_row][\/et_pb_section][et_pb_section fb_built=\u00bb1&#8243; _builder_version=\u00bb4.6.6&#8243; _module_preset=\u00bbdefault\u00bb background_enable_color=\u00bboff\u00bb custom_padding=\u00bb64px||15px|||\u00bb da_disable_devices=\u00bboff|off|off\u00bb da_is_popup=\u00bboff\u00bb da_exit_intent=\u00bboff\u00bb da_has_close=\u00bbon\u00bb da_alt_close=\u00bboff\u00bb da_dark_close=\u00bboff\u00bb da_not_modal=\u00bbon\u00bb da_is_singular=\u00bboff\u00bb da_with_loader=\u00bboff\u00bb da_has_shadow=\u00bbon\u00bb][et_pb_row column_structure=\u00bb1_4,1_4,1_4,1_4&#8243; _builder_version=\u00bb4.6.6&#8243; _module_preset=\u00bbdefault\u00bb background_enable_color=\u00bboff\u00bb custom_padding=\u00bb|27px|14px|28px||\u00bb][et_pb_column type=\u00bb1_4&#8243; _builder_version=\u00bb4.5.1&#8243; _module_preset=\u00bbdefault\u00bb][et_pb_text _builder_version=\u00bb4.6.6&#8243; _module_preset=\u00bbdefault\u00bb custom_padding=\u00bb||||false|false\u00bb]<\/p>\n<p><img decoding=\"async\" data-src=\"https:\/\/grupoeurored.com\/wp-content\/uploads\/2020\/09\/icono-industria-positivo.svg\" width=\"112\" height=\"115\" alt=\"\" class=\"wp-image-1136 alignnone size-full lazyload\" src=\"data:image\/svg+xml;base64,PHN2ZyB3aWR0aD0iMSIgaGVpZ2h0PSIxIiB4bWxucz0iaHR0cDovL3d3dy53My5vcmcvMjAwMC9zdmciPjwvc3ZnPg==\" style=\"--smush-placeholder-width: 112px; --smush-placeholder-aspect-ratio: 112\/115;\" \/><\/p>\n<h3>C\u00e2bles structurels<\/h3>\n<p>Industrie, \u00e9l\u00e9vation, chantiers navals, architecture.<\/p>\n<p>[\/et_pb_text][\/et_pb_column][et_pb_column type=\u00bb1_4&#8243; _builder_version=\u00bb4.5.1&#8243; _module_preset=\u00bbdefault\u00bb][et_pb_text _builder_version=\u00bb4.6.6&#8243; _module_preset=\u00bbdefault\u00bb custom_padding=\u00bb||||false|false\u00bb]<\/p>\n<p><img decoding=\"async\" data-src=\"https:\/\/grupoeurored.com\/wp-content\/uploads\/2020\/11\/ico-nautica-2.svg\" width=\"116\" height=\"115\" alt=\"\" class=\"wp-image-2039 alignnone size-full lazyload\" src=\"data:image\/svg+xml;base64,PHN2ZyB3aWR0aD0iMSIgaGVpZ2h0PSIxIiB4bWxucz0iaHR0cDovL3d3dy53My5vcmcvMjAwMC9zdmciPjwvc3ZnPg==\" style=\"--smush-placeholder-width: 116px; --smush-placeholder-aspect-ratio: 116\/115;\" \/><\/p>\n<h3>Secter Nautique<\/h3>\n<p>Drisses tress\u00e9es, aussi\u00e8re d'amarrage, \u00e9pissures sur mesure, pare-battages, manilles inox, r\u00e9alisation de gr\u00e9ements fixes et mobiles.<\/p>\n<p>[\/et_pb_text][\/et_pb_column][et_pb_column type=\u00bb1_4&#8243; _builder_version=\u00bb4.5.1&#8243; _module_preset=\u00bbdefault\u00bb][et_pb_text _builder_version=\u00bb4.9.2&#8243; _module_preset=\u00bbdefault\u00bb custom_padding=\u00bb||||false|false\u00bb]<\/p>\n<p><img decoding=\"async\" data-src=\"https:\/\/grupoeurored.com\/wp-content\/uploads\/2020\/11\/ico-flotacion-2.svg\" width=\"138\" height=\"115\" alt=\"\" class=\"wp-image-2040 alignnone size-full lazyload\" src=\"data:image\/svg+xml;base64,PHN2ZyB3aWR0aD0iMSIgaGVpZ2h0PSIxIiB4bWxucz0iaHR0cDovL3d3dy53My5vcmcvMjAwMC9zdmciPjwvc3ZnPg==\" style=\"--smush-placeholder-width: 138px; --smush-placeholder-aspect-ratio: 138\/115;\" \/><\/p>\n<h3>Ports et signalisation maritime<\/h3>\n<p>Pontons, \u00e9quipement de mouillage et d'amarrage, bou\u00e9es et \u00e9clairage, balisage, etc.<\/p>\n<p>[\/et_pb_text][\/et_pb_column][et_pb_column type=\u00bb1_4&#8243; _builder_version=\u00bb4.9.2&#8243; _module_preset=\u00bbdefault\u00bb][et_pb_text _builder_version=\u00bb4.9.2&#8243; _module_preset=\u00bbdefault\u00bb custom_padding=\u00bb||||false|false\u00bb hover_enabled=\u00bb0&#8243; link_option_url=\u00bbhttps:\/\/grupoeurored.com\/taller-suministros\/repuestos-de-motores\/\u00bb sticky_enabled=\u00bb0&#8243;]<\/p>\n<p><img decoding=\"async\" class=\"wp-image-2456 lazyload\" data-src=\"https:\/\/grupoeurored.com\/wp-content\/uploads\/2022\/02\/icono-motores-01.svg\" alt=\"\" width=\"120\" height=\"115\" src=\"data:image\/svg+xml;base64,PHN2ZyB3aWR0aD0iMSIgaGVpZ2h0PSIxIiB4bWxucz0iaHR0cDovL3d3dy53My5vcmcvMjAwMC9zdmciPjwvc3ZnPg==\" style=\"--smush-placeholder-width: 120px; --smush-placeholder-aspect-ratio: 120\/115;\" \/><\/p>\n<h3>Pi\u00e8ces d\u00e9tach\u00e9es moteur<\/h3>\n<p>chemises, cylindres, pistons, soupapes, culasses, roulements et pi\u00e8ces d\u00e9tach\u00e9es g\u00e9n\u00e9rales pour moteurs.<\/p>\n<p>[\/et_pb_text][\/et_pb_column][\/et_pb_row][\/et_pb_section][et_pb_section fb_built=\u00bb1&#8243; _builder_version=\u00bb4.6.5&#8243; _module_preset=\u00bbdefault\u00bb custom_padding=\u00bb75px|||||\u00bb da_disable_devices=\u00bboff|off|off\u00bb da_is_popup=\u00bboff\u00bb da_exit_intent=\u00bboff\u00bb da_has_close=\u00bbon\u00bb da_alt_close=\u00bboff\u00bb da_dark_close=\u00bboff\u00bb da_not_modal=\u00bbon\u00bb da_is_singular=\u00bboff\u00bb da_with_loader=\u00bboff\u00bb da_has_shadow=\u00bbon\u00bb][et_pb_row column_structure=\u00bb1_2,1_2&#8243; _builder_version=\u00bb4.6.5&#8243; _module_preset=\u00bbdefault\u00bb][et_pb_column type=\u00bb1_2&#8243; _builder_version=\u00bb4.6.5&#8243; _module_preset=\u00bbdefault\u00bb][et_pb_image src=\u00bbhttps:\/\/grupoeurored.com\/wp-content\/uploads\/2020\/10\/eurored-puertos.jpeg\u00bb title_text=\u00bbJarcias, puertos y marinas\u00bb _builder_version=\u00bb4.6.6&#8243; _module_preset=\u00bbdefault\u00bb animation_style=\u00bbfade\u00bb animation_delay=\u00bb300ms\u00bb][\/et_pb_image][et_pb_image src=\u00bbhttps:\/\/grupoeurored.com\/wp-content\/uploads\/2022\/02\/camisas-de-cilindro-para-motor-de-barco.jpg\u00bb alt=\u00bbcamisas de cilindro para motor de barco\u00bb title_text=\u00bbcamisas-de-cilindro-para-motor-de-barco\u00bb _builder_version=\u00bb4.9.2&#8243; _module_preset=\u00bbdefault\u00bb animation_style=\u00bbfade\u00bb animation_delay=\u00bb600ms\u00bb][\/et_pb_image][\/et_pb_column][et_pb_column type=\u00bb1_2&#8243; _builder_version=\u00bb4.6.5&#8243; _module_preset=\u00bbdefault\u00bb][et_pb_image src=\u00bbhttps:\/\/grupoeurored.com\/wp-content\/uploads\/2020\/10\/industria-eurored.jpg\u00bb title_text=\u00bbSoluciones industriales\u00bb _builder_version=\u00bb4.6.6&#8243; _module_preset=\u00bbdefault\u00bb animation_style=\u00bbfade\u00bb animation_delay=\u00bb600ms\u00bb][\/et_pb_image][et_pb_image src=\u00bbhttps:\/\/grupoeurored.com\/wp-content\/uploads\/2020\/10\/pexels-photo-434659.jpeg\u00bb title_text=\u00bbSoluciones en cables para estructuras\u00bb _builder_version=\u00bb4.6.6&#8243; _module_preset=\u00bbdefault\u00bb animation_style=\u00bbfade\u00bb animation_delay=\u00bb900ms\u00bb][\/et_pb_image][\/et_pb_column][\/et_pb_row][\/et_pb_section][et_pb_section fb_built=\u00bb1&#8243; _builder_version=\u00bb4.6.5&#8243; _module_preset=\u00bbdefault\u00bb min_height=\u00bb145px\u00bb custom_margin=\u00bb-8px|||||\u00bb custom_padding=\u00bb93px||75px|||\u00bb da_disable_devices=\u00bboff|off|off\u00bb da_is_popup=\u00bboff\u00bb da_exit_intent=\u00bboff\u00bb da_has_close=\u00bbon\u00bb da_alt_close=\u00bboff\u00bb da_dark_close=\u00bboff\u00bb da_not_modal=\u00bbon\u00bb da_is_singular=\u00bboff\u00bb da_with_loader=\u00bboff\u00bb da_has_shadow=\u00bbon\u00bb][et_pb_row _builder_version=\u00bb4.5.1&#8243; _module_preset=\u00bbdefault\u00bb custom_margin=\u00bb10px|auto||auto||\u00bb custom_padding=\u00bb17px||33px|||\u00bb][et_pb_column type=\u00bb4_4&#8243; _builder_version=\u00bb4.5.1&#8243; _module_preset=\u00bbdefault\u00bb][et_pb_text _builder_version=\u00bb4.6.5&#8243; _module_preset=\u00bbdefault\u00bb header_2_text_align=\u00bbcenter\u00bb header_2_font_size=\u00bb35px\u00bb max_width=\u00bb60%\u00bb max_width_tablet=\u00bb100%\u00bb max_width_phone=\u00bb100%\u00bb max_width_last_edited=\u00bbon|phone\u00bb module_alignment=\u00bbcenter\u00bb custom_margin=\u00bb-11px|||||\u00bb custom_padding=\u00bb0px|||||\u00bb]<\/p>\n<h2>Des solutions personnalis\u00e9es pour votre entreprise<\/h2>\n<p>[\/et_pb_text][et_pb_text _builder_version=\u00bb4.6.6&#8243; _module_preset=\u00bbdefault\u00bb text_text_color=\u00bb#878787&#8243; text_font_size=\u00bb19px\u00bb width=\u00bb58%\u00bb width_tablet=\u00bb100%\u00bb width_phone=\u00bb100%\u00bb width_last_edited=\u00bbon|phone\u00bb module_alignment=\u00bbcenter\u00bb custom_padding=\u00bb||15px|||\u00bb]<\/p>\n<p style=\"text-align: center;\">Grupo Eurored vous propose toute une gamme de solutions sp\u00e9cifiques pour les\nprofessionnels de la p\u00eache, de l'aquaculture et des industries connexes.<\/p>\n<p>[\/et_pb_text][et_pb_button button_url=\u00bb@ET-DC@eyJkeW5hbWljIjp0cnVlLCJjb250ZW50IjoicG9zdF9saW5rX3VybF9wYWdlIiwic2V0dGluZ3MiOnsicG9zdF9pZCI6IjQ4NCJ9fQ==@\u00bb button_text=\u00bbP\u00d3NGASE EN CONTACTO\u00bb button_alignment=\u00bbcenter\u00bb _builder_version=\u00bb4.6.5&#8243; _dynamic_attributes=\u00bbbutton_url\u00bb _module_preset=\u00bbdefault\u00bb button_text_size=\u00bb14px\u00bb button_use_icon=\u00bboff\u00bb custom_margin=\u00bb0px||||false|false\u00bb custom_padding=\u00bb20px|65px|20px|65px|true|true\u00bb button_bg_color__hover_enabled=\u00bbon|hover\u00bb button_bg_color__hover=\u00bb#f4f4f4&#8243; button_bg_enable_color__hover=\u00bbon\u00bb button_text_color__hover_enabled=\u00bbon|hover\u00bb button_text_color__hover=\u00bb#B10023&#8243;][\/et_pb_button][et_pb_image src=\u00bbhttps:\/\/grupoeurored.com\/wp-content\/uploads\/2020\/08\/logo-eurored-gris.png\u00bb title_text=\u00bblogo-eurored-gris\u00bb _builder_version=\u00bb4.6.5&#8243; _module_preset=\u00bbdefault\u00bb positioning=\u00bbabsolute\u00bb position_origin_a=\u00bbbottom_left\u00bb position_origin_f=\u00bbcenter_right\u00bb vertical_offset=\u00bb47px\u00bb horizontal_offset=\u00bb0px\u00bb z_index=\u00bb-218&#8243; width=\u00bb25%\u00bb custom_padding=\u00bb123px|||||\u00bb scroll_vertical_motion_enable=\u00bbon\u00bb scroll_vertical_motion=\u00bb0|50|50|100|-0.2|0|0.2&#8243;][\/et_pb_image][\/et_pb_column][\/et_pb_row][\/et_pb_section]<\/p>","protected":false},"excerpt":{"rendered":"<p>GRUPO EURORED Taller y suministros Fabricaci\u00f3n a medida, suministro de pertrechos de pesca y efectos navalesLa calidad t\u00e9cnica de nuestras soluciones a medida, cubren de manera concreta y detallada las necesidades de nuestros clientes. &nbsp; Desde el departamento de taller y suministros ofrecemos soluciones a medida: Soluciones para el sector n\u00e1utico: amarras, defensas, grilleter\u00eda inox, [&hellip;]<\/p>","protected":false},"author":1,"featured_media":0,"parent":0,"menu_order":0,"comment_status":"closed","ping_status":"closed","template":"","meta":{"_et_pb_use_builder":"on","_et_pb_old_content":"","_et_gb_content_width":"","inline_featured_image":false,"footnotes":""},"class_list":["post-1175","page","type-page","status-publish","hentry"],"_links":{"self":[{"href":"https:\/\/grupoeurored.com\/fr\/wp-json\/wp\/v2\/pages\/1175","targetHints":{"allow":["GET"]}}],"collection":[{"href":"https:\/\/grupoeurored.com\/fr\/wp-json\/wp\/v2\/pages"}],"about":[{"href":"https:\/\/grupoeurored.com\/fr\/wp-json\/wp\/v2\/types\/page"}],"author":[{"embeddable":true,"href":"https:\/\/grupoeurored.com\/fr\/wp-json\/wp\/v2\/users\/1"}],"replies":[{"embeddable":true,"href":"https:\/\/grupoeurored.com\/fr\/wp-json\/wp\/v2\/comments?post=1175"}],"version-history":[{"count":0,"href":"https:\/\/grupoeurored.com\/fr\/wp-json\/wp\/v2\/pages\/1175\/revisions"}],"wp:attachment":[{"href":"https:\/\/grupoeurored.com\/fr\/wp-json\/wp\/v2\/media?parent=1175"}],"curies":[{"name":"wp","href":"https:\/\/api.w.org\/{rel}","templated":true}]}}