{"id":484,"date":"2020-08-31T10:45:45","date_gmt":"2020-08-31T08:45:45","guid":{"rendered":"https:\/\/eurored.dapdap.es\/?page_id=484"},"modified":"2023-06-13T10:46:58","modified_gmt":"2023-06-13T08:46:58","slug":"contact","status":"publish","type":"page","link":"https:\/\/grupoeurored.com\/en\/contact\/","title":{"rendered":"Contact us"},"content":{"rendered":"<p>[et_pb_section fb_built=\u00bb1&#8243; admin_label=\u00bbEntradilla\u00bb _builder_version=\u00bb4.6.5&#8243; _module_preset=\u00bbdefault\u00bb background_color=\u00bbrgba(224,43,32,0.13)\u00bb background_image=\u00bbhttps:\/\/grupoeurored.com\/wp-content\/uploads\/2020\/08\/fondo-rederia.jpg\u00bb background_enable_image=\u00bbon\u00bb parallax=\u00bboff\u00bb background_enable_video_mp4=\u00bboff\u00bb custom_css_main_element=\u00bbdisplay:flex;||height:70vh;\u00bb da_disable_devices=\u00bboff|off|off\u00bb da_is_popup=\u00bboff\u00bb da_exit_intent=\u00bboff\u00bb da_has_close=\u00bbon\u00bb da_alt_close=\u00bboff\u00bb da_dark_close=\u00bboff\u00bb da_not_modal=\u00bbon\u00bb da_is_singular=\u00bboff\u00bb da_with_loader=\u00bboff\u00bb da_has_shadow=\u00bbon\u00bb][et_pb_row column_structure=\u00bb2_3,1_3&#8243; _builder_version=\u00bb4.6.6&#8243; _module_preset=\u00bbdefault\u00bb background_enable_image=\u00bboff\u00bb positioning=\u00bbabsolute\u00bb position_origin_a=\u00bbbottom_center\u00bb z_index=\u00bb345&#8243; position_origin_a_last_edited=\u00bboff|desktop\u00bb position_origin_f_last_edited=\u00bboff|desktop\u00bb position_origin_r_last_edited=\u00bboff|desktop\u00bb width_tablet=\u00bb100%\u00bb width_phone=\u00bb100%\u00bb width_last_edited=\u00bbon|desktop\u00bb mix_blend_mode=\u00bbhard-light\u00bb positioning_last_edited=\u00bboff|desktop\u00bb][et_pb_column type=\u00bb2_3&#8243; _builder_version=\u00bb4.5.1&#8243; _module_preset=\u00bbdefault\u00bb background_color=\u00bb#af0023&#8243; custom_padding=\u00bb0px||0px||true|true\u00bb mix_blend_mode=\u00bbhard-light\u00bb custom_css_main_element=\u00bbmargin: auto auto 0;\u00bb][et_pb_text _builder_version=\u00bb4.9.2&#8243; _module_preset=\u00bbdefault\u00bb background_enable_color=\u00bboff\u00bb background_enable_image=\u00bboff\u00bb background_size=\u00bbinitial\u00bb background_blend=\u00bbhard-light\u00bb background_layout=\u00bbdark\u00bb custom_margin=\u00bb||||false|false\u00bb custom_padding=\u00bb50px|50px|50px|50px|true|true\u00bb mix_blend_mode=\u00bbhard-light\u00bb custom_css_main_element=\u00bbmargin: auto auto 0;\u00bb]<\/p>\n<p style=\"font-size: 13px;\">GRUPO EURORED<\/p>\n<h1>Contact us<\/h1>\n<h2>Welcome to the Eurored Group<\/h2>\n<p>[\/et_pb_text][\/et_pb_column][et_pb_column type=\u00bb1_3&#8243; _builder_version=\u00bb4.5.1&#8243; _module_preset=\u00bbdefault\u00bb][\/et_pb_column][\/et_pb_row][\/et_pb_section][et_pb_section fb_built=\u00bb1&#8243; admin_label=\u00bbIntroducci\u00f3n\u00bb _builder_version=\u00bb4.6.6&#8243; _module_preset=\u00bbdefault\u00bb da_disable_devices=\u00bboff|off|off\u00bb da_is_popup=\u00bboff\u00bb da_exit_intent=\u00bboff\u00bb da_has_close=\u00bbon\u00bb da_alt_close=\u00bboff\u00bb da_dark_close=\u00bboff\u00bb da_not_modal=\u00bbon\u00bb da_is_singular=\u00bboff\u00bb da_with_loader=\u00bboff\u00bb da_has_shadow=\u00bbon\u00bb][et_pb_row column_structure=\u00bb2_3,1_3&#8243; custom_padding_last_edited=\u00bbon|tablet\u00bb _builder_version=\u00bb4.6.6&#8243; _module_preset=\u00bbdefault\u00bb background_enable_image=\u00bboff\u00bb width_tablet=\u00bb100%\u00bb width_phone=\u00bb\u00bb width_last_edited=\u00bbon|tablet\u00bb custom_margin=\u00bb0px||||false|false\u00bb custom_padding=\u00bb||||false|false\u00bb custom_padding_tablet=\u00bb0px||||false|false\u00bb custom_padding_phone=\u00bb\u00bb mix_blend_mode=\u00bbhard-light\u00bb scroll_vertical_motion=\u00bb0|50|50|100|-1|-0.5|0&#8243; custom_css_main_element=\u00bbalign-items: flex-start;\u00bb][et_pb_column type=\u00bb2_3&#8243; _builder_version=\u00bb4.6.5&#8243; _module_preset=\u00bbdefault\u00bb background_color=\u00bb#af0023&#8243; custom_padding=\u00bb50px||0px||false|false\u00bb mix_blend_mode=\u00bbhard-light\u00bb custom_css_main_element=\u00bbalign-items:flex-end;\u00bb][et_pb_text admin_label=\u00bbTexto\u00bb _builder_version=\u00bb4.9.2&#8243; _module_preset=\u00bbdefault\u00bb background_enable_color=\u00bboff\u00bb background_enable_image=\u00bboff\u00bb background_size=\u00bbinitial\u00bb background_blend=\u00bbhard-light\u00bb background_layout=\u00bbdark\u00bb custom_margin=\u00bb-6px||||false|false\u00bb custom_padding=\u00bb2px|50px|44px|50px|false|true\u00bb mix_blend_mode=\u00bbhard-light\u00bb custom_css_main_element=\u00bbmargin: auto auto 0;\u00bb]<\/p>\n<h3><span style=\"color: #ffffff;\">An alliance with the professionals of the sea<\/span><\/h3>\n<p class=\"translation-block\">Grupo Eurored Group is a company with more than 45 years of experience dedicated to the design and manufacture of fishing gear, as well as comprehensive aquaculture facilities and services. We currently have two delegations, the headquarters in Redondela, which has a Production Center with a net workshop, a production workshop and a 14,500 m2 warehouse, and the delegation in La Coru\u00f1a with a 3,000 m2 logistics center dedicated to small gear and longline.<\/p>\n<p>[\/et_pb_text][\/et_pb_column][et_pb_column type=\u00bb1_3&#8243; _builder_version=\u00bb4.5.1&#8243; _module_preset=\u00bbdefault\u00bb][\/et_pb_column][\/et_pb_row][\/et_pb_section][et_pb_section fb_built=\u00bb1&#8243; _builder_version=\u00bb4.9.2&#8243; _module_preset=\u00bbdefault\u00bb background_color=\u00bbrgba(0,0,0,0)\u00bb custom_margin=\u00bb-80px||||false|false\u00bb custom_padding=\u00bb75px||118px|||\u00bb da_disable_devices=\u00bboff|off|off\u00bb da_is_popup=\u00bboff\u00bb da_exit_intent=\u00bboff\u00bb da_has_close=\u00bbon\u00bb da_alt_close=\u00bboff\u00bb da_dark_close=\u00bboff\u00bb da_not_modal=\u00bbon\u00bb da_is_singular=\u00bboff\u00bb da_with_loader=\u00bboff\u00bb da_has_shadow=\u00bbon\u00bb][et_pb_row _builder_version=\u00bb4.9.2&#8243; _module_preset=\u00bbdefault\u00bb custom_margin=\u00bb45px||45px||false|false\u00bb][et_pb_column type=\u00bb4_4&#8243; _builder_version=\u00bb4.9.2&#8243; _module_preset=\u00bbdefault\u00bb][et_pb_contact_form email=\u00bbinfo@grupoeurored.com\u00bb title=\u00bbContacta con nosotros\u00bb success_message=\u00bb\u00a1Gracias por escribirnos! Te contestaremos lo antes posible. \u00bb submit_button_text=\u00bbContactar\u00bb _builder_version=\u00bb4.9.2&#8243; _module_preset=\u00bbdefault\u00bb title_level=\u00bbh3&#8243; hover_enabled=\u00bb0&#8243; sticky_enabled=\u00bb0&#8243;][et_pb_contact_field field_id=\u00bbName\u00bb field_title=\u00bbNombre \/ Name\u00bb _builder_version=\u00bb4.9.2&#8243; button_text_size__hover_enabled=\u00bboff\u00bb button_one_text_size__hover_enabled=\u00bboff\u00bb button_two_text_size__hover_enabled=\u00bboff\u00bb button_text_color__hover_enabled=\u00bboff\u00bb button_one_text_color__hover_enabled=\u00bboff\u00bb button_two_text_color__hover_enabled=\u00bboff\u00bb button_border_width__hover_enabled=\u00bboff\u00bb button_one_border_width__hover_enabled=\u00bboff\u00bb button_two_border_width__hover_enabled=\u00bboff\u00bb button_border_color__hover_enabled=\u00bboff\u00bb button_one_border_color__hover_enabled=\u00bboff\u00bb button_two_border_color__hover_enabled=\u00bboff\u00bb button_border_radius__hover_enabled=\u00bboff\u00bb button_one_border_radius__hover_enabled=\u00bboff\u00bb button_two_border_radius__hover_enabled=\u00bboff\u00bb button_letter_spacing__hover_enabled=\u00bboff\u00bb button_one_letter_spacing__hover_enabled=\u00bboff\u00bb button_two_letter_spacing__hover_enabled=\u00bboff\u00bb button_bg_color__hover_enabled=\u00bboff\u00bb button_one_bg_color__hover_enabled=\u00bboff\u00bb button_two_bg_color__hover_enabled=\u00bboff\u00bb][\/et_pb_contact_field][et_pb_contact_field field_id=\u00bbEmail\u00bb field_title=\u00bbDirecci\u00f3n de correo electr\u00f3nico \/ Email\u00bb field_type=\u00bbemail\u00bb _builder_version=\u00bb4.9.2&#8243; button_text_size__hover_enabled=\u00bboff\u00bb button_one_text_size__hover_enabled=\u00bboff\u00bb button_two_text_size__hover_enabled=\u00bboff\u00bb button_text_color__hover_enabled=\u00bboff\u00bb button_one_text_color__hover_enabled=\u00bboff\u00bb button_two_text_color__hover_enabled=\u00bboff\u00bb button_border_width__hover_enabled=\u00bboff\u00bb button_one_border_width__hover_enabled=\u00bboff\u00bb button_two_border_width__hover_enabled=\u00bboff\u00bb button_border_color__hover_enabled=\u00bboff\u00bb button_one_border_color__hover_enabled=\u00bboff\u00bb button_two_border_color__hover_enabled=\u00bboff\u00bb button_border_radius__hover_enabled=\u00bboff\u00bb button_one_border_radius__hover_enabled=\u00bboff\u00bb button_two_border_radius__hover_enabled=\u00bboff\u00bb button_letter_spacing__hover_enabled=\u00bboff\u00bb button_one_letter_spacing__hover_enabled=\u00bboff\u00bb button_two_letter_spacing__hover_enabled=\u00bboff\u00bb button_bg_color__hover_enabled=\u00bboff\u00bb button_one_bg_color__hover_enabled=\u00bboff\u00bb button_two_bg_color__hover_enabled=\u00bboff\u00bb][\/et_pb_contact_field][et_pb_contact_field fullwidth_field=\u00bbon\u00bb _builder_version=\u00bb4.9.2&#8243; _module_preset=\u00bbdefault\u00bb field_id=\u00bbPhone\u00bb field_title=\u00bbTel\u00e9fono \/ Phone\u00bb required_mark=\u00bboff\u00bb hover_enabled=\u00bb0&#8243; sticky_enabled=\u00bb0&#8243;][\/et_pb_contact_field][et_pb_contact_field field_id=\u00bbMessage\u00bb field_title=\u00bbMensaje \/ Your request\u00bb field_type=\u00bbtext\u00bb fullwidth_field=\u00bbon\u00bb _builder_version=\u00bb4.9.2&#8243; button_text_size__hover_enabled=\u00bboff\u00bb button_one_text_size__hover_enabled=\u00bboff\u00bb button_two_text_size__hover_enabled=\u00bboff\u00bb button_text_color__hover_enabled=\u00bboff\u00bb button_one_text_color__hover_enabled=\u00bboff\u00bb button_two_text_color__hover_enabled=\u00bboff\u00bb button_border_width__hover_enabled=\u00bboff\u00bb button_one_border_width__hover_enabled=\u00bboff\u00bb button_two_border_width__hover_enabled=\u00bboff\u00bb button_border_color__hover_enabled=\u00bboff\u00bb button_one_border_color__hover_enabled=\u00bboff\u00bb button_two_border_color__hover_enabled=\u00bboff\u00bb button_border_radius__hover_enabled=\u00bboff\u00bb button_one_border_radius__hover_enabled=\u00bboff\u00bb button_two_border_radius__hover_enabled=\u00bboff\u00bb button_letter_spacing__hover_enabled=\u00bboff\u00bb button_one_letter_spacing__hover_enabled=\u00bboff\u00bb button_two_letter_spacing__hover_enabled=\u00bboff\u00bb button_bg_color__hover_enabled=\u00bboff\u00bb button_one_bg_color__hover_enabled=\u00bboff\u00bb button_two_bg_color__hover_enabled=\u00bboff\u00bb][\/et_pb_contact_field][\/et_pb_contact_form][\/et_pb_column][\/et_pb_row][et_pb_row column_structure=\u00bb1_2,1_2&#8243; _builder_version=\u00bb4.6.5&#8243; _module_preset=\u00bbdefault\u00bb][et_pb_column type=\u00bb1_2&#8243; _builder_version=\u00bb4.6.5&#8243; _module_preset=\u00bbdefault\u00bb][et_pb_image src=\u00bbhttps:\/\/grupoeurored.com\/wp-content\/uploads\/2020\/10\/sede-redondela.jpg\u00bb title_text=\u00bbsede-redondela\u00bb _builder_version=\u00bb4.6.5&#8243; _module_preset=\u00bbdefault\u00bb animation_style=\u00bbfade\u00bb][\/et_pb_image][et_pb_text _builder_version=\u00bb4.6.6&#8243; _module_preset=\u00bbdefault\u00bb]<\/p>\n<h4>Redondela head office<\/h4>\n<p>Estrada Fort\u00f3ns no 23. Redondela &#8211; 36812 Pontevedra.<\/p>\n<p><a href=\"tel:+34%20986 203 312\"><strong>+34 986 203 312 |\u00a0<\/strong><\/a><a href=\"mailto:info@grupoeurored.com\" style=\"font-size: 16px;\"><strong>info@grupoeurored.com<\/strong><\/a><\/p>\n<p><a href=\"https:\/\/www.google.com\/maps\/place\/Grupo+Eurored\/@42.2730211,-8.617988,17z\/data=!3m1!4b1!4m5!3m4!1s0xd2f7d186b9c1993:0x112cfcff1dbba42c!8m2!3d42.2730211!4d-8.6157993\" target=\"_blank\" rel=\"noopener noreferrer\"><img decoding=\"async\" data-src=\"https:\/\/grupoeurored.com\/wp-content\/uploads\/2020\/10\/pin-eurored.svg\" width=\"15\" height=\"auto\" alt=\"\" class=\"wp-image-1493 size-large lazyload\" src=\"data:image\/svg+xml;base64,PHN2ZyB3aWR0aD0iMSIgaGVpZ2h0PSIxIiB4bWxucz0iaHR0cDovL3d3dy53My5vcmcvMjAwMC9zdmciPjwvc3ZnPg==\" \/> Location<\/a><\/p>\n<p>[\/et_pb_text][\/et_pb_column][et_pb_column type=\u00bb1_2&#8243; _builder_version=\u00bb4.6.5&#8243; _module_preset=\u00bbdefault\u00bb][et_pb_image src=\u00bbhttps:\/\/grupoeurored.com\/wp-content\/uploads\/2020\/10\/sede-acoruna.jpg\u00bb title_text=\u00bbsede-acoruna\u00bb _builder_version=\u00bb4.6.5&#8243; _module_preset=\u00bbdefault\u00bb animation_style=\u00bbfade\u00bb animation_delay=\u00bb300ms\u00bb][\/et_pb_image][et_pb_text _builder_version=\u00bb4.9.2&#8243; _module_preset=\u00bbdefault\u00bb]<\/p>\n<h4>A Coru\u00f1a branch<\/h4>\n<p>Lugar A Moura 35, Pol\u00edgono Agrela-Bens, 15010 A Coru\u00f1a<\/p>\n<p><strong><a href=\"tel:+34%20881 54 55 13\">+34 881 54 55 13 | <\/a><\/strong><a style=\"font-size: 16px;\" href=\"mailto:info@grupoeurored.com\"><strong>oficina@grupoeurored.com<\/strong><\/a><\/p>\n<p><a href=\"https:\/\/www.google.com\/maps\/place\/Grupo+Eurored+A+Coru\u00f1a\/@43.3530827,-8.4370366,17z\/data=!3m1!4b1!4m5!3m4!1s0xd2e7d065c196c71:0xd94962adfb7c3957!8m2!3d43.3530827!4d-8.4348479\" target=\"_blank\" rel=\"noopener noreferrer\"><img decoding=\"async\" class=\"wp-image-1493 size-large lazyload\" data-src=\"https:\/\/grupoeurored.com\/wp-content\/uploads\/2020\/10\/pin-eurored.svg\" alt=\"\" width=\"15\" height=\"auto\" src=\"data:image\/svg+xml;base64,PHN2ZyB3aWR0aD0iMSIgaGVpZ2h0PSIxIiB4bWxucz0iaHR0cDovL3d3dy53My5vcmcvMjAwMC9zdmciPjwvc3ZnPg==\" \/> Location<\/a><\/p>\n<p>[\/et_pb_text][\/et_pb_column][\/et_pb_row][et_pb_row _builder_version=\u00bb4.9.2&#8243; _module_preset=\u00bbdefault\u00bb][et_pb_column type=\u00bb4_4&#8243; _builder_version=\u00bb4.9.2&#8243; _module_preset=\u00bbdefault\u00bb][\/et_pb_column][\/et_pb_row][\/et_pb_section][et_pb_section fb_built=\u00bb1&#8243; _builder_version=\u00bb4.6.5&#8243; _module_preset=\u00bbdefault\u00bb background_color=\u00bbrgba(112,112,112,0)\u00bb background_image=\u00bbhttps:\/\/grupoeurored.com\/wp-content\/uploads\/2020\/10\/bienvenidos-eurored-scaled.jpg\u00bb background_enable_image=\u00bbon\u00bb parallax=\u00bboff\u00bb min_height=\u00bb400px\u00bb height=\u00bb700px\u00bb da_disable_devices=\u00bboff|off|off\u00bb da_is_popup=\u00bboff\u00bb da_exit_intent=\u00bboff\u00bb da_has_close=\u00bbon\u00bb da_alt_close=\u00bboff\u00bb da_dark_close=\u00bboff\u00bb da_not_modal=\u00bbon\u00bb da_is_singular=\u00bboff\u00bb da_with_loader=\u00bboff\u00bb da_has_shadow=\u00bbon\u00bb][et_pb_row _builder_version=\u00bb4.6.5&#8243; _module_preset=\u00bbdefault\u00bb][et_pb_column type=\u00bb4_4&#8243; _builder_version=\u00bb4.6.5&#8243; _module_preset=\u00bbdefault\u00bb][\/et_pb_column][\/et_pb_row][\/et_pb_section]<\/p>","protected":false},"excerpt":{"rendered":"<p>GRUPO EURORED Contacto Bienvenido a Grupo EuroredUna alianza con los profesionales del mar Grupo Eurored es un grupo de empresas con m\u00e1s de 45 a\u00f1os de experiencia dedicado al dise\u00f1o y elaboraci\u00f3n de artes de pesca as\u00ed como instalaciones y servicios integrales de acuicultura. Actualmente contamos con dos delegaciones, la sede central en Redondela que [&hellip;]<\/p>","protected":false},"author":1,"featured_media":0,"parent":0,"menu_order":0,"comment_status":"closed","ping_status":"closed","template":"","meta":{"_et_pb_use_builder":"on","_et_pb_old_content":"","_et_gb_content_width":"","inline_featured_image":false,"footnotes":""},"class_list":["post-484","page","type-page","status-publish","hentry"],"_links":{"self":[{"href":"https:\/\/grupoeurored.com\/en\/wp-json\/wp\/v2\/pages\/484","targetHints":{"allow":["GET"]}}],"collection":[{"href":"https:\/\/grupoeurored.com\/en\/wp-json\/wp\/v2\/pages"}],"about":[{"href":"https:\/\/grupoeurored.com\/en\/wp-json\/wp\/v2\/types\/page"}],"author":[{"embeddable":true,"href":"https:\/\/grupoeurored.com\/en\/wp-json\/wp\/v2\/users\/1"}],"replies":[{"embeddable":true,"href":"https:\/\/grupoeurored.com\/en\/wp-json\/wp\/v2\/comments?post=484"}],"version-history":[{"count":0,"href":"https:\/\/grupoeurored.com\/en\/wp-json\/wp\/v2\/pages\/484\/revisions"}],"wp:attachment":[{"href":"https:\/\/grupoeurored.com\/en\/wp-json\/wp\/v2\/media?parent=484"}],"curies":[{"name":"wp","href":"https:\/\/api.w.org\/{rel}","templated":true}]}}