{"id":482,"date":"2020-08-31T10:45:35","date_gmt":"2020-08-31T08:45:35","guid":{"rendered":"https:\/\/eurored.dapdap.es\/?page_id=482"},"modified":"2024-10-24T13:01:24","modified_gmt":"2024-10-24T11:01:24","slug":"about-us","status":"publish","type":"page","link":"https:\/\/grupoeurored.com\/en\/about-us\/","title":{"rendered":"About us"},"content":{"rendered":"<p>[et_pb_section fb_built=\u00bb1&#8243; admin_label=\u00bbEntradilla\u00bb _builder_version=\u00bb4.16&#8243; _module_preset=\u00bbdefault\u00bb background_enable_color=\u00bboff\u00bb background_image=\u00bbhttps:\/\/grupoeurored.com\/wp-content\/uploads\/2020\/09\/hero-servicios-global.jpg\u00bb background_enable_image=\u00bbon\u00bb custom_margin=\u00bb-80px||||false|false\u00bb custom_padding=\u00bb||||false|false\u00bb custom_css_main_element=\u00bbmin-height: 70vh;||display: flex;||\u00bb da_disable_devices=\u00bboff|off|off\u00bb global_colors_info=\u00bb{}\u00bb da_is_popup=\u00bboff\u00bb da_exit_intent=\u00bboff\u00bb da_has_close=\u00bbon\u00bb da_alt_close=\u00bboff\u00bb da_dark_close=\u00bboff\u00bb da_not_modal=\u00bbon\u00bb da_is_singular=\u00bboff\u00bb da_with_loader=\u00bboff\u00bb da_has_shadow=\u00bbon\u00bb][et_pb_row column_structure=\u00bb2_3,1_3&#8243; _builder_version=\u00bb4.16&#8243; _module_preset=\u00bbdefault\u00bb background_enable_image=\u00bboff\u00bb positioning=\u00bbabsolute\u00bb position_origin_a=\u00bbbottom_center\u00bb z_index=\u00bb345&#8243; position_origin_a_last_edited=\u00bboff|desktop\u00bb position_origin_f_last_edited=\u00bboff|desktop\u00bb position_origin_r_last_edited=\u00bboff|desktop\u00bb width_tablet=\u00bb100%\u00bb width_phone=\u00bb100%\u00bb width_last_edited=\u00bbon|desktop\u00bb mix_blend_mode=\u00bbhard-light\u00bb positioning_last_edited=\u00bboff|desktop\u00bb global_colors_info=\u00bb{}\u00bb][et_pb_column type=\u00bb2_3&#8243; _builder_version=\u00bb4.16&#8243; _module_preset=\u00bbdefault\u00bb background_color=\u00bb#af0023&#8243; custom_padding=\u00bb0px||0px||true|true\u00bb mix_blend_mode=\u00bbhard-light\u00bb custom_css_main_element=\u00bbmargin: auto auto 0;\u00bb global_colors_info=\u00bb{}\u00bb][et_pb_text _builder_version=\u00bb4.16&#8243; _module_preset=\u00bbdefault\u00bb background_enable_color=\u00bboff\u00bb background_enable_image=\u00bboff\u00bb background_size=\u00bbinitial\u00bb background_blend=\u00bbhard-light\u00bb background_layout=\u00bbdark\u00bb custom_margin=\u00bb||||false|false\u00bb custom_padding=\u00bb50px|50px|50px|50px|true|true\u00bb mix_blend_mode=\u00bbhard-light\u00bb custom_css_main_element=\u00bbmargin: auto auto 0;\u00bb global_colors_info=\u00bb{}\u00bb]<\/p>\n<p style=\"font-size: 13px;\">WELLCOME<\/p>\n<h1>We are Grupo Eurored<\/h1>\n<h2>Experts in fishing gear and aquaculture facilities.<\/h2>\n<p>[\/et_pb_text][\/et_pb_column][et_pb_column type=\u00bb1_3&#8243; _builder_version=\u00bb4.16&#8243; _module_preset=\u00bbdefault\u00bb global_colors_info=\u00bb{}\u00bb][\/et_pb_column][\/et_pb_row][\/et_pb_section][et_pb_section fb_built=\u00bb1&#8243; admin_label=\u00bbIntroducci\u00f3n\u00bb _builder_version=\u00bb4.16&#8243; _module_preset=\u00bbdefault\u00bb background_color=\u00bbrgba(0,0,0,0)\u00bb da_disable_devices=\u00bboff|off|off\u00bb global_colors_info=\u00bb{}\u00bb da_is_popup=\u00bboff\u00bb da_exit_intent=\u00bboff\u00bb da_has_close=\u00bbon\u00bb da_alt_close=\u00bboff\u00bb da_dark_close=\u00bboff\u00bb da_not_modal=\u00bbon\u00bb da_is_singular=\u00bboff\u00bb da_with_loader=\u00bboff\u00bb da_has_shadow=\u00bbon\u00bb][et_pb_row column_structure=\u00bb2_3,1_3&#8243; _builder_version=\u00bb4.16&#8243; _module_preset=\u00bbdefault\u00bb background_enable_image=\u00bboff\u00bb width_tablet=\u00bb100%\u00bb width_phone=\u00bb\u00bb width_last_edited=\u00bbon|phone\u00bb height=\u00bb439px\u00bb custom_margin=\u00bb||||false|false\u00bb custom_padding=\u00bb||||false|false\u00bb mix_blend_mode=\u00bbhard-light\u00bb scroll_vertical_motion=\u00bb0|50|50|100|-1|-0.5|0&#8243; hover_enabled=\u00bb0&#8243; custom_css_main_element=\u00bbalign-items: flex-start;\u00bb global_colors_info=\u00bb{}\u00bb sticky_enabled=\u00bb0&#8243;][et_pb_column type=\u00bb2_3&#8243; _builder_version=\u00bb4.16&#8243; _module_preset=\u00bbdefault\u00bb background_color=\u00bb#af0023&#8243; custom_padding=\u00bb0px||0px||true|true\u00bb mix_blend_mode=\u00bbhard-light\u00bb custom_css_main_element=\u00bbalign-items:flex-end;\u00bb global_colors_info=\u00bb{}\u00bb][et_pb_text content_tablet=\u00bb<\/p>\n<h3>A group of companies with more than 45 years of experience dedicated to the design and manufacture of fishing gear, as well as installations and integral aquaculture services.<\/h3>\n<div style=\"%22width:\" 100%;%22>\n<p>We manufacture pelagic nets, mid-bottom nets, bottom trawls, outrigger nets, etc., always at the forefront and developed hand in hand with our customers.<\/p>\n<p>Suministramos todo lo necesario para la actividad pesquera, acuicultura y otros sectores afines: puertas de arrastre MORG\u00c8RE, redes COTESI, cuerdas, estachas, cable ORCA, flotaci\u00f3n, ferreter\u00eda naval, material de palangre, cables estructurales, jarcias, fondeos, marinas, etc.<\/p>\n<p>Our aquaculture section is dedicated to the design, supply and commissioning of offshore installations of fish-farming and long-line systems.<\/p>\n<\/div>\n<p>\u00bb content_phone=\u00bb<\/p>\n<h3>A group of companies with more than 45 years of experience dedicated to the design and manufacture of fishing gear, as well as installations and integral aquaculture services.<\/h3>\n<div style=\"%22width:\" 100%;%22>\n<p>We manufacture pelagic nets, mid-bottom nets, bottom trawls, outrigger nets, etc., always at the forefront and developed hand in hand with our customers.<\/p>\n<p>We supply everything necessary for fishing, aquaculture and other related sectors: MORG\u00c8RE trawl doors, COTESI nets, ropes, stays, BRIDON cable, flotation, marine hardware, longline material, structural cables, rigging, anchorages, marinas, etc.<\/p>\n<p>Our aquaculture section is dedicated to the design, supply and commissioning of offshore installations of fish-farming and long-line systems.<\/p>\n<\/div>\n<p>\u00bb content_last_edited=\u00bbon|tablet\u00bb admin_label=\u00bbTexto\u00bb _builder_version=\u00bb4.21.0&#8243; _module_preset=\u00bbdefault\u00bb background_enable_color=\u00bboff\u00bb background_enable_image=\u00bboff\u00bb background_size=\u00bbinitial\u00bb background_blend=\u00bbhard-light\u00bb background_layout=\u00bbdark\u00bb custom_margin=\u00bb||||false|false\u00bb custom_padding=\u00bb42px|50px|80px|50px|false|true\u00bb mix_blend_mode=\u00bbhard-light\u00bb custom_css_main_element=\u00bbmargin: auto auto 0;\u00bb global_colors_info=\u00bb{}\u00bb]<\/p>\n<h3>A group of companies with more than 45 years of experience dedicated to the design and manufacture of fishing gear, as well as installations and integral aquaculture services.<\/h3>\n<div style=\"width: 80%;\">\n<p>&nbsp;<\/p>\n<p>We manufacture pelagic nets, mid-bottom nets, bottom trawls, outrigger nets, etc., always at the forefront and developed hand in hand with our customers.<\/p>\n<p>Suministramos todo lo necesario para la actividad pesquera, acuicultura y otros sectores afines: puertas de arrastre MORG\u00c8RE, redes COTESI, cuerdas, estachas, cable ORCA, flotaci\u00f3n,<span>\u00a0ferreter\u00eda naval CROSBY GROUP (KITO CROSBY, TRAWLEX, GUNNEBO)<\/span> material de palangre, cables estructurales, jarcias, fondeos, marinas, etc.<\/p>\n<p>Our aquaculture section is dedicated to the design, supply and commissioning of offshore installations of fish-farming and long-line systems.<\/p>\n<\/div>\n<p>[\/et_pb_text][\/et_pb_column][et_pb_column type=\u00bb1_3&#8243; _builder_version=\u00bb4.16&#8243; _module_preset=\u00bbdefault\u00bb global_colors_info=\u00bb{}\u00bb][\/et_pb_column][\/et_pb_row][\/et_pb_section][et_pb_section fb_built=\u00bb1&#8243; admin_label=\u00bbVideo aparejo\u00bb _builder_version=\u00bb4.24.2&#8243; _module_preset=\u00bbdefault\u00bb custom_margin=\u00bb60px||150px||false|false\u00bb hover_enabled=\u00bb0&#8243; da_disable_devices=\u00bboff|off|off\u00bb global_colors_info=\u00bb{}\u00bb custom_padding=\u00bb50px||||false|false\u00bb sticky_enabled=\u00bb0&#8243; da_is_popup=\u00bboff\u00bb da_exit_intent=\u00bboff\u00bb da_has_close=\u00bbon\u00bb da_alt_close=\u00bboff\u00bb da_dark_close=\u00bboff\u00bb da_not_modal=\u00bbon\u00bb da_is_singular=\u00bboff\u00bb da_with_loader=\u00bboff\u00bb da_has_shadow=\u00bbon\u00bb][et_pb_row _builder_version=\u00bb4.21.0&#8243; _module_preset=\u00bbdefault\u00bb global_colors_info=\u00bb{}\u00bb][et_pb_column type=\u00bb4_4&#8243; _builder_version=\u00bb4.21.0&#8243; _module_preset=\u00bbdefault\u00bb global_colors_info=\u00bb{}\u00bb][et_pb_video src=\u00bbhttps:\/\/youtu.be\/zYHGdnUuyoQ\u00bb _builder_version=\u00bb4.21.0&#8243; _module_preset=\u00bbdefault\u00bb global_colors_info=\u00bb{}\u00bb][\/et_pb_video][\/et_pb_column][\/et_pb_row][\/et_pb_section][et_pb_section fb_built=\u00bb1&#8243; admin_label=\u00bbFotos\u00bb _builder_version=\u00bb4.16&#8243; _module_preset=\u00bbdefault\u00bb background_color=\u00bbrgba(0,0,0,0)\u00bb custom_padding=\u00bb31px||3px||false|false\u00bb da_disable_devices=\u00bboff|off|off\u00bb global_colors_info=\u00bb{}\u00bb da_is_popup=\u00bboff\u00bb da_exit_intent=\u00bboff\u00bb da_has_close=\u00bbon\u00bb da_alt_close=\u00bboff\u00bb da_dark_close=\u00bboff\u00bb da_not_modal=\u00bbon\u00bb da_is_singular=\u00bboff\u00bb da_with_loader=\u00bboff\u00bb da_has_shadow=\u00bbon\u00bb][et_pb_row column_structure=\u00bb1_2,1_2&#8243; custom_padding_last_edited=\u00bboff|tablet\u00bb _builder_version=\u00bb4.16&#8243; _module_preset=\u00bbdefault\u00bb background_color=\u00bbrgba(0,0,0,0)\u00bb custom_margin=\u00bb0px||||false|false\u00bb custom_padding=\u00bb||0px|||\u00bb custom_padding_tablet=\u00bb0px||0px||false|false\u00bb global_colors_info=\u00bb{}\u00bb][et_pb_column type=\u00bb1_2&#8243; _builder_version=\u00bb4.16&#8243; _module_preset=\u00bbdefault\u00bb custom_padding=\u00bb70px||||false|false\u00bb global_colors_info=\u00bb{}\u00bb][et_pb_image src=\u00bbhttps:\/\/grupoeurored.com\/wp-content\/uploads\/2020\/11\/Eurored-Nosotros.jpg\u00bb alt=\u00bbUna grua carga un aparejo de pesca\u00bb title_text=\u00bbEurored-Nosotros\u00bb disabled_on=\u00bboff|off|off\u00bb _builder_version=\u00bb4.16&#8243; _module_preset=\u00bbdefault\u00bb scroll_vertical_motion_enable=\u00bbon\u00bb scroll_vertical_motion=\u00bb0|50|50|100|-0.2|-0.1|0&#8243; global_colors_info=\u00bb{}\u00bb][\/et_pb_image][\/et_pb_column][et_pb_column type=\u00bb1_2&#8243; _builder_version=\u00bb4.16&#8243; _module_preset=\u00bbdefault\u00bb global_colors_info=\u00bb{}\u00bb][et_pb_image src=\u00bbhttps:\/\/grupoeurored.com\/wp-content\/uploads\/2020\/09\/Eurored_aparejo_abordo.jpg\u00bb title_text=\u00bbEurored_aparejo_abordo\u00bb show_bottom_space=\u00bboff\u00bb align=\u00bbcenter\u00bb _builder_version=\u00bb4.16&#8243; _module_preset=\u00bbdefault\u00bb z_index=\u00bb-87&#8243; custom_margin=\u00bb-150px|0px|||false|false\u00bb custom_margin_tablet=\u00bb0px||||false|false\u00bb custom_margin_phone=\u00bb0px|0px|||false|false\u00bb custom_margin_last_edited=\u00bbon|desktop\u00bb custom_padding=\u00bb||||false|false\u00bb animation_style=\u00bbfade\u00bb scroll_vertical_motion=\u00bb0|50|50|100|-4|-3.7|-3.5&#8243; global_colors_info=\u00bb{}\u00bb][\/et_pb_image][\/et_pb_column][\/et_pb_row][\/et_pb_section][et_pb_section fb_built=\u00bb1&#8243; admin_label=\u00bbExperiencia\u00bb _builder_version=\u00bb4.16&#8243; _module_preset=\u00bbdefault\u00bb background_enable_color=\u00bboff\u00bb custom_margin=\u00bb||||false|false\u00bb custom_padding=\u00bb61px||31px||false|false\u00bb da_disable_devices=\u00bboff|off|off\u00bb global_colors_info=\u00bb{}\u00bb da_is_popup=\u00bboff\u00bb da_exit_intent=\u00bboff\u00bb da_has_close=\u00bbon\u00bb da_alt_close=\u00bboff\u00bb da_dark_close=\u00bboff\u00bb da_not_modal=\u00bbon\u00bb da_is_singular=\u00bboff\u00bb da_with_loader=\u00bboff\u00bb da_has_shadow=\u00bbon\u00bb][et_pb_row _builder_version=\u00bb4.16&#8243; _module_preset=\u00bbdefault\u00bb global_colors_info=\u00bb{}\u00bb][et_pb_column type=\u00bb4_4&#8243; _builder_version=\u00bb4.16&#8243; _module_preset=\u00bbdefault\u00bb global_colors_info=\u00bb{}\u00bb][et_pb_text _builder_version=\u00bb4.16&#8243; _module_preset=\u00bbdefault\u00bb text_font_size=\u00bb23px\u00bb min_height=\u00bb38px\u00bb custom_padding=\u00bb||6px|||\u00bb global_colors_info=\u00bb{}\u00bb]<\/p>\n<h2>Experience<\/h2>\n<p>[\/et_pb_text][\/et_pb_column][\/et_pb_row][et_pb_row column_structure=\u00bb1_3,2_3&#8243; _builder_version=\u00bb4.16&#8243; _module_preset=\u00bbdefault\u00bb custom_padding=\u00bb||0px|||\u00bb global_colors_info=\u00bb{}\u00bb][et_pb_column type=\u00bb1_3&#8243; _builder_version=\u00bb4.16&#8243; _module_preset=\u00bbdefault\u00bb global_colors_info=\u00bb{}\u00bb][et_pb_text _builder_version=\u00bb4.16&#8243; _module_preset=\u00bbdefault\u00bb header_4_font_size=\u00bb19px\u00bb custom_margin=\u00bb16px||||false|false\u00bb global_colors_info=\u00bb{}\u00bb]<\/p>\n<h4>More than 45 years of experience in the fishing sector are our guarantee when it comes to advising on any technical aspect.<\/h4>\n<p>Expert netters and a specialised technical office accompany our clients in everything they need on deck to fish.<\/p>\n<p>The main shipowners in the deep-sea trawling sector, as well as tuna vessels, longliners and small vessels, have placed their trust in us for years to supply, design and manufacture the materials, tackle and equipment they need.<\/p>\n<p><span style=\"font-weight: 400;\">Our product and service are a safe bet for our clients, who obtain the maximum guarantees.<\/span><\/p>\n<p>&nbsp;<\/p>\n<p>[\/et_pb_text][\/et_pb_column][et_pb_column type=\u00bb2_3&#8243; _builder_version=\u00bb4.16&#8243; _module_preset=\u00bbdefault\u00bb custom_padding=\u00bb||||false|false\u00bb global_colors_info=\u00bb{}\u00bb][et_pb_image src=\u00bbhttps:\/\/grupoeurored.com\/wp-content\/uploads\/2020\/09\/Eurored_experiencia.jpg\u00bb alt=\u00bbRedero arreglando un aparejo\u00bb title_text=\u00bbEurored_experiencia\u00bb align=\u00bbcenter\u00bb align_last_edited=\u00bboff|desktop\u00bb _builder_version=\u00bb4.16&#8243; _module_preset=\u00bbdefault\u00bb width_tablet=\u00bb\u00bb width_phone=\u00bb100%\u00bb width_last_edited=\u00bbon|phone\u00bb module_alignment=\u00bbleft\u00bb max_height=\u00bb432px\u00bb custom_margin=\u00bb||||false|false\u00bb scroll_vertical_motion_enable=\u00bbon\u00bb scroll_vertical_motion=\u00bb0|50|50|100|-1|-0.5|0&#8243; scroll_vertical_motion_tablet=\u00bb0|50|50|100|1|0.5|0&#8243; scroll_vertical_motion_phone=\u00bb0|50|50|100|1|0|0&#8243; scroll_vertical_motion_last_edited=\u00bbon|phone\u00bb global_colors_info=\u00bb{}\u00bb][\/et_pb_image][\/et_pb_column][\/et_pb_row][\/et_pb_section][et_pb_section fb_built=\u00bb1&#8243; custom_padding_last_edited=\u00bbon|tablet\u00bb admin_label=\u00bbProyecci\u00f3n\u00bb _builder_version=\u00bb4.16&#8243; _module_preset=\u00bbdefault\u00bb background_color=\u00bbrgba(0,0,0,0)\u00bb width=\u00bb100%\u00bb max_width=\u00bb100%\u00bb custom_padding=\u00bb93px||78px|||\u00bb custom_padding_tablet=\u00bb71px||0px||false|false\u00bb custom_padding_phone=\u00bb\u00bb da_disable_devices=\u00bboff|off|off\u00bb global_colors_info=\u00bb{}\u00bb da_is_popup=\u00bboff\u00bb da_exit_intent=\u00bboff\u00bb da_has_close=\u00bbon\u00bb da_alt_close=\u00bboff\u00bb da_dark_close=\u00bboff\u00bb da_not_modal=\u00bbon\u00bb da_is_singular=\u00bboff\u00bb da_with_loader=\u00bboff\u00bb da_has_shadow=\u00bbon\u00bb][et_pb_row column_structure=\u00bb1_2,1_2&#8243; _builder_version=\u00bb4.16&#8243; _module_preset=\u00bbdefault\u00bb width_tablet=\u00bb\u00bb width_phone=\u00bb100%\u00bb width_last_edited=\u00bbon|phone\u00bb global_colors_info=\u00bb{}\u00bb][et_pb_column type=\u00bb1_2&#8243; _builder_version=\u00bb4.16&#8243; _module_preset=\u00bbdefault\u00bb global_colors_info=\u00bb{}\u00bb][et_pb_image src=\u00bbhttps:\/\/grupoeurored.com\/wp-content\/uploads\/2022\/11\/Eurored-proyeccion-internacional.png\u00bb alt=\u00bbEurored proyecci\u00f3n internacional\u00bb title_text=\u00bbEurored proyecci\u00f3n internacional\u00bb _builder_version=\u00bb4.16&#8243; _module_preset=\u00bbdefault\u00bb custom_margin=\u00bb|-100px|||false|false\u00bb scroll_vertical_motion_enable=\u00bbon\u00bb scroll_vertical_motion=\u00bb0|50|50|100|0|0|0.5&#8243; global_colors_info=\u00bb{}\u00bb][\/et_pb_image][\/et_pb_column][et_pb_column type=\u00bb1_2&#8243; _builder_version=\u00bb4.16&#8243; _module_preset=\u00bbdefault\u00bb background_color=\u00bb#B10023&#8243; custom_padding=\u00bb20px|40px|20px|40px|true|true\u00bb custom_padding_phone=\u00bb20px|10px|20px|10px|true|true\u00bb custom_padding_last_edited=\u00bboff|phone\u00bb global_colors_info=\u00bb{}\u00bb][et_pb_text _builder_version=\u00bb4.16&#8243; _module_preset=\u00bbdefault\u00bb custom_margin=\u00bb16px|||||\u00bb custom_padding=\u00bb||6px|||\u00bb global_colors_info=\u00bb{}\u00bb]<\/p>\n<h2><span style=\"color: #ffffff;\">International projection<\/span><\/h2>\n<p>[\/et_pb_text][et_pb_text _builder_version=\u00bb4.16&#8243; _module_preset=\u00bbdefault\u00bb header_4_font_size=\u00bb19px\u00bb custom_margin=\u00bb||76px|||\u00bb global_colors_info=\u00bb{}\u00bb]<\/p>\n<h4 class=\"translation-block\"><span style=\"color: #ffffff\">Recently, Grupo Eurored is undertaking important investments in infrastructure and staff to provide a comprehensive service to fishing and aquaculture internationally.\nNearly 18,000 m2 of warehouses, production and offices, 8 unloading docks and more than 40 employees.<\/span><\/h4>\n<p><span style=\"color: #ffffff;\"><br \/>Today, Grupo Eurored is the most important company in southern Europe in its category, with a unique Production Center in terms of dimensions, technical staff and equipment, which allows us to make real the most ambitious projects.<\/span><\/p>\n<p><span style=\"color: #ffffff;\">We operate throughout the Galician coast and in various fishing grounds globally. Our projection for the future involves addressing new potential markets both in fishing, aquaculture and general supplies, betting on commercial divisions abroad such as Argentina, Mexico and Morocco.<\/span><\/p>\n<p>[\/et_pb_text][\/et_pb_column][\/et_pb_row][\/et_pb_section][et_pb_section fb_built=\u00bb1&#8243; _builder_version=\u00bb4.16&#8243; _module_preset=\u00bbdefault\u00bb min_height=\u00bb145px\u00bb custom_margin=\u00bb-8px|||||\u00bb custom_padding=\u00bb55px||75px|||\u00bb da_disable_devices=\u00bboff|off|off\u00bb global_colors_info=\u00bb{}\u00bb da_is_popup=\u00bboff\u00bb da_exit_intent=\u00bboff\u00bb da_has_close=\u00bbon\u00bb da_alt_close=\u00bboff\u00bb da_dark_close=\u00bboff\u00bb da_not_modal=\u00bbon\u00bb da_is_singular=\u00bboff\u00bb da_with_loader=\u00bboff\u00bb da_has_shadow=\u00bbon\u00bb][et_pb_row _builder_version=\u00bb4.16&#8243; _module_preset=\u00bbdefault\u00bb custom_margin=\u00bb10px|auto||auto||\u00bb custom_padding=\u00bb58px||60px|||\u00bb global_colors_info=\u00bb{}\u00bb][et_pb_column type=\u00bb4_4&#8243; _builder_version=\u00bb4.16&#8243; _module_preset=\u00bbdefault\u00bb global_colors_info=\u00bb{}\u00bb][et_pb_text _builder_version=\u00bb4.16&#8243; _module_preset=\u00bbdefault\u00bb header_2_text_align=\u00bbcenter\u00bb header_2_font_size=\u00bb35px\u00bb max_width=\u00bb60%\u00bb max_width_tablet=\u00bb100%\u00bb max_width_phone=\u00bb100%\u00bb max_width_last_edited=\u00bbon|phone\u00bb module_alignment=\u00bbcenter\u00bb custom_margin=\u00bb-11px|||||\u00bb custom_padding=\u00bb0px|||||\u00bb global_colors_info=\u00bb{}\u00bb]<\/p>\n<h2>Everything the fishing and aquaculture industry needs<\/h2>\n<p>[\/et_pb_text][et_pb_text _builder_version=\u00bb4.16&#8243; _module_preset=\u00bbdefault\u00bb text_text_color=\u00bb#878787&#8243; text_font_size=\u00bb19px\u00bb width=\u00bb58%\u00bb width_tablet=\u00bb100%\u00bb width_phone=\u00bb\u00bb width_last_edited=\u00bbon|tablet\u00bb module_alignment=\u00bbcenter\u00bb custom_padding=\u00bb||15px|||\u00bb global_colors_info=\u00bb{}\u00bb]<\/p>\n<p style=\"text-align: center;\">Eurored offers a full range of specific solutions for professionals in the fishing, aquaculture and related industries.<\/p>\n<p>[\/et_pb_text][et_pb_button button_url=\u00bb@ET-DC@eyJkeW5hbWljIjp0cnVlLCJjb250ZW50IjoicG9zdF9saW5rX3VybF9wYWdlIiwic2V0dGluZ3MiOnsicG9zdF9pZCI6IjQ4NCJ9fQ==@\u00bb button_text=\u00bbP\u00d3NGASE EN CONTACTO CON NOSOTROS\u00bb button_alignment=\u00bbcenter\u00bb _builder_version=\u00bb4.16&#8243; _dynamic_attributes=\u00bbbutton_url\u00bb _module_preset=\u00bbdefault\u00bb button_text_size=\u00bb14px\u00bb button_use_icon=\u00bboff\u00bb custom_margin=\u00bb0px||||false|false\u00bb custom_padding=\u00bb20px|65px|20px|65px|true|true\u00bb global_colors_info=\u00bb{}\u00bb button_bg_color__hover_enabled=\u00bbon|hover\u00bb button_bg_color__hover=\u00bb#ffffff\u00bb button_bg_enable_color__hover=\u00bbon\u00bb button_text_color__hover_enabled=\u00bbon|hover\u00bb button_text_color__hover=\u00bb#B10023&#8243;][\/et_pb_button][et_pb_image src=\u00bbhttps:\/\/grupoeurored.com\/wp-content\/uploads\/2020\/08\/logo-eurored-gris.png\u00bb title_text=\u00bblogo-eurored-gris\u00bb _builder_version=\u00bb4.16&#8243; _module_preset=\u00bbdefault\u00bb positioning=\u00bbabsolute\u00bb position_origin_a=\u00bbbottom_left\u00bb position_origin_f=\u00bbcenter_right\u00bb vertical_offset=\u00bb47px\u00bb horizontal_offset=\u00bb0px\u00bb z_index=\u00bb-218&#8243; width=\u00bb25%\u00bb custom_padding=\u00bb123px|||||\u00bb scroll_vertical_motion_enable=\u00bbon\u00bb scroll_vertical_motion=\u00bb0|50|50|100|-0.2|0|0.2&#8243; global_colors_info=\u00bb{}\u00bb][\/et_pb_image][\/et_pb_column][\/et_pb_row][\/et_pb_section]<\/p>","protected":false},"excerpt":{"rendered":"<p>BIENVENIDOS Somos Grupo Eurored Expertos en aparejos de pesca e instalaciones de acuiculturaUn conjunto de empresas con m\u00e1s de 45 a\u00f1os de experiencia dedicado al dise\u00f1o y elaboraci\u00f3n de artes de pesca as\u00ed como instalaciones y servicios integrales de acuicultura. &nbsp; Elaboramos redes pel\u00e1gicas, medio fondo, fondo, tangoneras, etc. siempre a la vanguardia y desarrolladas [&hellip;]<\/p>","protected":false},"author":1,"featured_media":0,"parent":0,"menu_order":0,"comment_status":"closed","ping_status":"closed","template":"","meta":{"_et_pb_use_builder":"on","_et_pb_old_content":"","_et_gb_content_width":"","inline_featured_image":false,"footnotes":""},"class_list":["post-482","page","type-page","status-publish","hentry"],"_links":{"self":[{"href":"https:\/\/grupoeurored.com\/en\/wp-json\/wp\/v2\/pages\/482","targetHints":{"allow":["GET"]}}],"collection":[{"href":"https:\/\/grupoeurored.com\/en\/wp-json\/wp\/v2\/pages"}],"about":[{"href":"https:\/\/grupoeurored.com\/en\/wp-json\/wp\/v2\/types\/page"}],"author":[{"embeddable":true,"href":"https:\/\/grupoeurored.com\/en\/wp-json\/wp\/v2\/users\/1"}],"replies":[{"embeddable":true,"href":"https:\/\/grupoeurored.com\/en\/wp-json\/wp\/v2\/comments?post=482"}],"version-history":[{"count":0,"href":"https:\/\/grupoeurored.com\/en\/wp-json\/wp\/v2\/pages\/482\/revisions"}],"wp:attachment":[{"href":"https:\/\/grupoeurored.com\/en\/wp-json\/wp\/v2\/media?parent=482"}],"curies":[{"name":"wp","href":"https:\/\/api.w.org\/{rel}","templated":true}]}}